{"id":3716,"date":"2023-06-07T16:25:10","date_gmt":"2023-06-07T14:25:10","guid":{"rendered":"https:\/\/copp.lu\/?page_id=3716"},"modified":"2023-06-27T17:55:58","modified_gmt":"2023-06-27T15:55:58","slug":"behandelte-krankheiten","status":"publish","type":"page","link":"https:\/\/copp.lu\/de\/intravitreale-injektionen\/behandelte-krankheiten\/","title":{"rendered":"Behandelte Krankheiten"},"content":{"rendered":"\n<style type=\"text\/css\" data-created_by=\"avia_inline_auto\" id=\"style-css-av-qb82lw-6d5fc2d74d983e538a92339df13e1bc0\">\n.avia-section.av-qb82lw-6d5fc2d74d983e538a92339df13e1bc0 .av-parallax .av-parallax-inner{\nbackground-repeat:no-repeat;\nbackground-image:url(https:\/\/copp.lu\/wp-content\/uploads\/2023\/05\/Fond-Ophtalmo-Luxembourg-Paris-4.jpg);\nbackground-position:50% 0%;\nbackground-attachment:scroll;\n}\n<\/style>\n<div id='av_section_1'  class='avia-section av-qb82lw-6d5fc2d74d983e538a92339df13e1bc0 main_color avia-section-default avia-no-border-styling  avia-builder-el-0  el_before_av_section  avia-builder-el-first  avia-full-stretch av-parallax-section avia-bg-style-parallax container_wrap fullsize'  data-section-bg-repeat='stretch'><div class='av-parallax' data-avia-parallax-ratio='0.3' ><div class='av-parallax-inner main_color avia-full-stretch'><\/div><\/div><div class='container av-section-cont-open' ><main  role=\"main\" itemprop=\"mainContentOfPage\"  class='template-page content  av-content-full alpha units'><div class='post-entry post-entry-type-page post-entry-3716'><div class='entry-content-wrapper clearfix'>\n\n<style type=\"text\/css\" data-created_by=\"avia_inline_auto\" id=\"style-css-av-nnx7t0-a33f469e5d0af5e6ec84196da626397b\">\n.flex_column.av-nnx7t0-a33f469e5d0af5e6ec84196da626397b{\nborder-radius:10px 10px 10px 10px;\npadding:30px 30px 30px 30px;\nbackground-color:rgba(0,75,112,0.88);\n}\n<\/style>\n<div  class='flex_column av-nnx7t0-a33f469e5d0af5e6ec84196da626397b av_one_half  avia-builder-el-1  el_before_av_one_half  avia-builder-el-first  first flex_column_div  '     ><p>\n<style type=\"text\/css\" data-created_by=\"avia_inline_auto\" id=\"style-css-av-li2xgi81-57afd2b07482789250e9ce949f565f24\">\n.av_font_icon.av-li2xgi81-57afd2b07482789250e9ce949f565f24{\ncolor:#ffffff;\nborder-color:#ffffff;\n}\n.avia-svg-icon.av-li2xgi81-57afd2b07482789250e9ce949f565f24 svg:first-child{\nstroke:#ffffff;\nfill:#ffffff;\n}\n.av_font_icon.av-li2xgi81-57afd2b07482789250e9ce949f565f24 .av-icon-char{\nfont-size:40px;\nline-height:40px;\n}\n<\/style>\n<span  class='av_font_icon av-li2xgi81-57afd2b07482789250e9ce949f565f24 avia_animate_when_visible av-icon-style- avia-icon-pos-center avia-iconfont avia-font-fontello avia-icon-animate'><span class='av-icon-char' data-av_icon='\ue879' data-av_iconfont='fontello' aria-hidden=\"true\" ><\/span><\/span><br \/>\n\n<style type=\"text\/css\" data-created_by=\"avia_inline_auto\" id=\"style-css-av-ltw13o-2ea8f6090a0bad6e549e5ddfc1ce97b5\">\n#top .hr.hr-invisible.av-ltw13o-2ea8f6090a0bad6e549e5ddfc1ce97b5{\nheight:30px;\n}\n<\/style>\n<div  class='hr av-ltw13o-2ea8f6090a0bad6e549e5ddfc1ce97b5 hr-invisible  avia-builder-el-3  el_after_av_font_icon  el_before_av_textblock '><span class='hr-inner '><span class=\"hr-inner-style\"><\/span><\/span><\/div><br \/>\n\n<style type=\"text\/css\" data-created_by=\"avia_inline_auto\" id=\"style-css-av-li2xgae4-9b603153c0c7657079f7834be9e455ac\">\n#top .av_textblock_section.av-li2xgae4-9b603153c0c7657079f7834be9e455ac .avia_textblock{\ncolor:#ffffff;\n}\n<\/style>\n<section  class='av_textblock_section av-li2xgae4-9b603153c0c7657079f7834be9e455ac '   itemscope=\"itemscope\" itemtype=\"https:\/\/schema.org\/CreativeWork\" ><div class='avia_textblock av_inherit_color'  itemprop=\"text\" ><h3 style=\"text-align: center;\">Das Augenzentrum<\/h3>\n<h1 style=\"text-align: center; font-size: 30px;\"><span style=\"text-align: center; text-transform: none;\">Behandelte Krankheiten<\/span><\/h1>\n<p style=\"text-align: center;\"><span><span><a href=\"https:\/\/copp.lu\/de\/\">Home<\/a><\/span><\/span><\/p>\n<\/div><\/section><\/p><\/div><div  class='flex_column av-kp19kk-54ba5ce3c19d2eabc38a200fe32326dd av_one_half  avia-builder-el-5  el_after_av_one_half  avia-builder-el-last  flex_column_div  '     ><\/div>\n\n<\/div><\/div><\/main><!-- close content main element --><\/div><\/div><div id='av_section_2'  class='avia-section av-psry5-9d6d39ecdd90a203589ed6cfd5a9cc68 main_color avia-section-default avia-no-border-styling  avia-builder-el-6  el_after_av_section  el_before_av_section  avia-bg-style-scroll container_wrap fullsize'  ><div class='container av-section-cont-open' ><div class='template-page content  av-content-full alpha units'><div class='post-entry post-entry-type-page post-entry-3716'><div class='entry-content-wrapper clearfix'>\n\n<style type=\"text\/css\" data-created_by=\"avia_inline_auto\" id=\"style-css-av-6ief65-3f812285d8e661407bf72cd59f90746b\">\n.flex_column.av-6ief65-3f812285d8e661407bf72cd59f90746b{\nborder-radius:0px 0px 0px 0px;\npadding:0px 0px 0px 0px;\n}\n<\/style>\n<div  class='flex_column av-6ief65-3f812285d8e661407bf72cd59f90746b av_one_full  avia-builder-el-7  avia-builder-el-no-sibling  first flex_column_div av-zero-column-padding  '     ><section  class='av_textblock_section av-li2yyknj-bcf4e385c8acc0853bb61323708e7634 '   itemscope=\"itemscope\" itemtype=\"https:\/\/schema.org\/CreativeWork\" ><div class='avia_textblock'  itemprop=\"text\" ><p style=\"text-align: justify;\">Mit intravitrealen Injektionen k\u00f6nnen verschiedene Erkrankungen behandelt werden. Zu den am h\u00e4ufigsten mit solchen Injektionen behandelten Erkrankungen geh\u00f6ren die exsudative AMD (altersbedingte Makuladegeneration), das diabetische Makula\u00f6dem und das Makula\u00f6dem als Folge von Venenverschl\u00fcssen.<\/p>\n<p style=\"text-align: justify;\">Diese Injektionen k\u00f6nnen die Krankheit zwar stabilisieren oder sogar r\u00fcckg\u00e4ngig machen, aber sie k\u00f6nnen sie in der Regel nicht endg\u00fcltig heilen. Sie m\u00fcssen daher h\u00e4ufig wiederholt werden.<\/p>\n<\/div><\/section><\/div><\/div><\/div><\/div><!-- close content main div --><\/div><\/div><div id='av_section_3'  class='avia-section av-bv78k4-a6fd4553fe6d6f4099372f2a0ec4ec36 main_color avia-section-default avia-no-border-styling  avia-builder-el-9  el_after_av_section  el_before_av_section  av-small-hide av-mini-hide avia-bg-style-scroll container_wrap fullsize'  ><div class='container av-section-cont-open' ><div class='template-page content  av-content-full alpha units'><div class='post-entry post-entry-type-page post-entry-3716'><div class='entry-content-wrapper clearfix'>\n\n<style type=\"text\/css\" data-created_by=\"avia_inline_auto\" id=\"style-css-av-aqyrhw-8fdd8914ea44906a75baea68416e5e4f\">\n.flex_column.av-aqyrhw-8fdd8914ea44906a75baea68416e5e4f{\npadding:50px 50px 50px 50px;\nbackground:url(https:\/\/copp.lu\/wp-content\/uploads\/2023\/05\/Fond-Ophtalmo-Luxembourg-Paris.jpg) 100% 100% no-repeat scroll ;\n}\n<\/style>\n<div  class='flex_column av-aqyrhw-8fdd8914ea44906a75baea68416e5e4f av_one_full  avia-builder-el-10  avia-builder-el-no-sibling  first flex_column_div avia-full-stretch  '     ><p><div  class='avia-button-wrap av-8xnifo-2a4e4be2d5b7da289a8ffbcfbb2c71a2-wrap avia-button-left  avia-builder-el-11  el_before_av_textblock  avia-builder-el-first '>\n<style type=\"text\/css\" data-created_by=\"avia_inline_auto\" id=\"style-css-av-8xnifo-2a4e4be2d5b7da289a8ffbcfbb2c71a2\">\n#top #wrap_all .avia-button.av-8xnifo-2a4e4be2d5b7da289a8ffbcfbb2c71a2{\nbackground-color:#004b70;\nborder-color:#004b70;\ncolor:#ffffff;\ntransition:all 0.4s ease-in-out;\n}\n#top #wrap_all .avia-button.av-8xnifo-2a4e4be2d5b7da289a8ffbcfbb2c71a2 .avia-svg-icon svg:first-child{\nfill:#ffffff;\nstroke:#ffffff;\n}\n<\/style>\n<a href='https:\/\/copp.lu\/de\/kontakt\/'  class='avia-button av-8xnifo-2a4e4be2d5b7da289a8ffbcfbb2c71a2 av-link-btn avia-icon_select-yes-left-icon avia-size-x-large avia-position-left'   aria-label=\"Vereinbaren Sie online einen Termin, indem Sie hier klicken\"><span class='avia_button_icon avia_button_icon_left avia-iconfont avia-font-fontello' data-av_icon='\ue836' data-av_iconfont='fontello' ><\/span><span class='avia_iconbox_title' >Vereinbaren Sie online einen Termin, indem Sie hier klicken<\/span><\/a><\/div><br \/>\n\n<style type=\"text\/css\" data-created_by=\"avia_inline_auto\" id=\"style-css-av-72l8us-3f3eeb4c4aa12e4fc389f807af793830\">\n#top .av_textblock_section.av-72l8us-3f3eeb4c4aa12e4fc389f807af793830 .avia_textblock{\nfont-size:25px;\ncolor:#000000;\n}\n<\/style>\n<section  class='av_textblock_section av-72l8us-3f3eeb4c4aa12e4fc389f807af793830 '   itemscope=\"itemscope\" itemtype=\"https:\/\/schema.org\/CreativeWork\" ><div class='avia_textblock av_inherit_color'  itemprop=\"text\" ><p>Wir k\u00fcmmern uns um alle Augenkrankheiten,<br \/>\nVon der Erstdiagnose bis zur regelm\u00e4\u00dfigen Nachsorge.<\/p>\n<\/div><\/section><\/p><\/div>\n<\/p>\n<\/div><\/div><\/div><!-- close content main div --><\/div><\/div><div id='av_section_4'  class='avia-section av-6he7pw-31cde920ba300a9158b953b1b9403ba2 main_color avia-section-default avia-no-border-styling  avia-builder-el-13  el_after_av_section  avia-builder-el-last  av-desktop-hide av-medium-hide avia-bg-style-scroll container_wrap fullsize'  ><div class='container av-section-cont-open' ><div class='template-page content  av-content-full alpha units'><div class='post-entry post-entry-type-page post-entry-3716'><div class='entry-content-wrapper clearfix'>\n\n<style type=\"text\/css\" data-created_by=\"avia_inline_auto\" id=\"style-css-av-4k77sk-bc36145207b9cc22391c59ba93ecd995\">\n.flex_column.av-4k77sk-bc36145207b9cc22391c59ba93ecd995{\npadding:50px 50px 50px 50px;\nbackground:url(https:\/\/copp.lu\/wp-content\/uploads\/2023\/05\/Fond-Ophtalmo-Luxembourg-Paris.jpg) 100% 100% no-repeat scroll ;\n}\n<\/style>\n<div  class='flex_column av-4k77sk-bc36145207b9cc22391c59ba93ecd995 av_one_full  avia-builder-el-14  avia-builder-el-no-sibling  first flex_column_div avia-full-stretch  '     ><div  class='avia-button-wrap av-2bgmg4-51b3adff0afb562c75a13672a451692b-wrap avia-button-left  avia-builder-el-15  avia-builder-el-no-sibling '>\n<style type=\"text\/css\" data-created_by=\"avia_inline_auto\" id=\"style-css-av-2bgmg4-51b3adff0afb562c75a13672a451692b\">\n#top #wrap_all .avia-button.av-2bgmg4-51b3adff0afb562c75a13672a451692b{\nbackground-color:#004b70;\nborder-color:#004b70;\ncolor:#ffffff;\ntransition:all 0.4s ease-in-out;\n}\n#top #wrap_all .avia-button.av-2bgmg4-51b3adff0afb562c75a13672a451692b .avia-svg-icon svg:first-child{\nfill:#ffffff;\nstroke:#ffffff;\n}\n<\/style>\n<a href='https:\/\/copp.lu\/de\/kontakt\/'  class='avia-button av-2bgmg4-51b3adff0afb562c75a13672a451692b av-link-btn avia-icon_select-yes-left-icon avia-size-x-large avia-position-left'   aria-label=\"Vereinbaren Sie online einen Termin, indem Sie hier klicken\"><span class='avia_button_icon avia_button_icon_left avia-iconfont avia-font-fontello' data-av_icon='\ue836' data-av_iconfont='fontello' ><\/span><span class='avia_iconbox_title' >Vereinbaren Sie online einen Termin, indem Sie hier klicken<\/span><\/a><\/div><\/div>\n\n","protected":false},"excerpt":{"rendered":"","protected":false},"author":2,"featured_media":0,"parent":3714,"menu_order":0,"comment_status":"closed","ping_status":"closed","template":"","meta":{"footnotes":""},"class_list":["post-3716","page","type-page","status-publish","hentry"],"yoast_head":"<!-- This site is optimized with the Yoast SEO plugin v27.3 - https:\/\/yoast.com\/product\/yoast-seo-wordpress\/ -->\n<title>Behandelte Krankheiten - Augenarzt in Luxemburg<\/title>\n<meta name=\"description\" content=\"Behandelte Krankheiten - Augenarzt in Luxemburg\" \/>\n<meta name=\"robots\" content=\"index, follow, max-snippet:-1, max-image-preview:large, max-video-preview:-1\" \/>\n<link rel=\"canonical\" href=\"https:\/\/copp.lu\/de\/intravitreale-injektionen\/behandelte-krankheiten\/\" \/>\n<meta property=\"og:locale\" content=\"de_DE\" \/>\n<meta property=\"og:type\" content=\"article\" \/>\n<meta property=\"og:title\" content=\"Behandelte Krankheiten - Augenarzt in Luxemburg\" \/>\n<meta property=\"og:description\" content=\"Behandelte Krankheiten - Augenarzt in Luxemburg\" \/>\n<meta property=\"og:url\" content=\"https:\/\/copp.lu\/de\/intravitreale-injektionen\/behandelte-krankheiten\/\" \/>\n<meta property=\"og:site_name\" content=\"Centre Ophtalmologique Place de Paris Luxembourg\" \/>\n<meta property=\"article:modified_time\" content=\"2023-06-27T15:55:58+00:00\" \/>\n<meta name=\"twitter:card\" content=\"summary_large_image\" \/>\n<meta name=\"twitter:label1\" content=\"Gesch\u00e4tzte Lesezeit\" \/>\n\t<meta name=\"twitter:data1\" content=\"7\u00a0Minuten\" \/>\n<script type=\"application\/ld+json\" class=\"yoast-schema-graph\">{\"@context\":\"https:\\\/\\\/schema.org\",\"@graph\":[{\"@type\":\"WebPage\",\"@id\":\"https:\\\/\\\/copp.lu\\\/de\\\/intravitreale-injektionen\\\/behandelte-krankheiten\\\/\",\"url\":\"https:\\\/\\\/copp.lu\\\/de\\\/intravitreale-injektionen\\\/behandelte-krankheiten\\\/\",\"name\":\"Behandelte Krankheiten - Augenarzt in Luxemburg\",\"isPartOf\":{\"@id\":\"https:\\\/\\\/copp.lu\\\/de\\\/#website\"},\"datePublished\":\"2023-06-07T14:25:10+00:00\",\"dateModified\":\"2023-06-27T15:55:58+00:00\",\"description\":\"Behandelte Krankheiten - Augenarzt in Luxemburg\",\"breadcrumb\":{\"@id\":\"https:\\\/\\\/copp.lu\\\/de\\\/intravitreale-injektionen\\\/behandelte-krankheiten\\\/#breadcrumb\"},\"inLanguage\":\"de\",\"potentialAction\":[{\"@type\":\"ReadAction\",\"target\":[\"https:\\\/\\\/copp.lu\\\/de\\\/intravitreale-injektionen\\\/behandelte-krankheiten\\\/\"]}]},{\"@type\":\"BreadcrumbList\",\"@id\":\"https:\\\/\\\/copp.lu\\\/de\\\/intravitreale-injektionen\\\/behandelte-krankheiten\\\/#breadcrumb\",\"itemListElement\":[{\"@type\":\"ListItem\",\"position\":1,\"name\":\"Home\",\"item\":\"https:\\\/\\\/copp.lu\\\/de\\\/\"},{\"@type\":\"ListItem\",\"position\":2,\"name\":\"Intravitreale Injektionen\",\"item\":\"https:\\\/\\\/copp.lu\\\/de\\\/intravitreale-injektionen\\\/\"},{\"@type\":\"ListItem\",\"position\":3,\"name\":\"Behandelte Krankheiten\"}]},{\"@type\":\"WebSite\",\"@id\":\"https:\\\/\\\/copp.lu\\\/de\\\/#website\",\"url\":\"https:\\\/\\\/copp.lu\\\/de\\\/\",\"name\":\"Centre Ophtalmologique Place de Paris Luxembourg\",\"description\":\"Ophtalmologie au Luxembourg\",\"publisher\":{\"@id\":\"https:\\\/\\\/copp.lu\\\/de\\\/#organization\"},\"potentialAction\":[{\"@type\":\"SearchAction\",\"target\":{\"@type\":\"EntryPoint\",\"urlTemplate\":\"https:\\\/\\\/copp.lu\\\/de\\\/?s={search_term_string}\"},\"query-input\":{\"@type\":\"PropertyValueSpecification\",\"valueRequired\":true,\"valueName\":\"search_term_string\"}}],\"inLanguage\":\"de\"},{\"@type\":\"Organization\",\"@id\":\"https:\\\/\\\/copp.lu\\\/de\\\/#organization\",\"name\":\"Centre Ophtalmologique Place de Paris au Luxembourg\",\"url\":\"https:\\\/\\\/copp.lu\\\/de\\\/\",\"logo\":{\"@type\":\"ImageObject\",\"inLanguage\":\"de\",\"@id\":\"https:\\\/\\\/copp.lu\\\/de\\\/#\\\/schema\\\/logo\\\/image\\\/\",\"url\":\"https:\\\/\\\/copp.lu\\\/wp-content\\\/uploads\\\/2020\\\/06\\\/logo_luxeyes_Taste_V6-01.png\",\"contentUrl\":\"https:\\\/\\\/copp.lu\\\/wp-content\\\/uploads\\\/2020\\\/06\\\/logo_luxeyes_Taste_V6-01.png\",\"width\":2544,\"height\":744,\"caption\":\"Centre Ophtalmologique Place de Paris au Luxembourg\"},\"image\":{\"@id\":\"https:\\\/\\\/copp.lu\\\/de\\\/#\\\/schema\\\/logo\\\/image\\\/\"}}]}<\/script>\n<!-- \/ Yoast SEO plugin. -->","yoast_head_json":{"title":"Behandelte Krankheiten - Augenarzt in Luxemburg","description":"Behandelte Krankheiten - Augenarzt in Luxemburg","robots":{"index":"index","follow":"follow","max-snippet":"max-snippet:-1","max-image-preview":"max-image-preview:large","max-video-preview":"max-video-preview:-1"},"canonical":"https:\/\/copp.lu\/de\/intravitreale-injektionen\/behandelte-krankheiten\/","og_locale":"de_DE","og_type":"article","og_title":"Behandelte Krankheiten - Augenarzt in Luxemburg","og_description":"Behandelte Krankheiten - Augenarzt in Luxemburg","og_url":"https:\/\/copp.lu\/de\/intravitreale-injektionen\/behandelte-krankheiten\/","og_site_name":"Centre Ophtalmologique Place de Paris Luxembourg","article_modified_time":"2023-06-27T15:55:58+00:00","twitter_card":"summary_large_image","twitter_misc":{"Gesch\u00e4tzte Lesezeit":"7\u00a0Minuten"},"schema":{"@context":"https:\/\/schema.org","@graph":[{"@type":"WebPage","@id":"https:\/\/copp.lu\/de\/intravitreale-injektionen\/behandelte-krankheiten\/","url":"https:\/\/copp.lu\/de\/intravitreale-injektionen\/behandelte-krankheiten\/","name":"Behandelte Krankheiten - Augenarzt in Luxemburg","isPartOf":{"@id":"https:\/\/copp.lu\/de\/#website"},"datePublished":"2023-06-07T14:25:10+00:00","dateModified":"2023-06-27T15:55:58+00:00","description":"Behandelte Krankheiten - Augenarzt in Luxemburg","breadcrumb":{"@id":"https:\/\/copp.lu\/de\/intravitreale-injektionen\/behandelte-krankheiten\/#breadcrumb"},"inLanguage":"de","potentialAction":[{"@type":"ReadAction","target":["https:\/\/copp.lu\/de\/intravitreale-injektionen\/behandelte-krankheiten\/"]}]},{"@type":"BreadcrumbList","@id":"https:\/\/copp.lu\/de\/intravitreale-injektionen\/behandelte-krankheiten\/#breadcrumb","itemListElement":[{"@type":"ListItem","position":1,"name":"Home","item":"https:\/\/copp.lu\/de\/"},{"@type":"ListItem","position":2,"name":"Intravitreale Injektionen","item":"https:\/\/copp.lu\/de\/intravitreale-injektionen\/"},{"@type":"ListItem","position":3,"name":"Behandelte Krankheiten"}]},{"@type":"WebSite","@id":"https:\/\/copp.lu\/de\/#website","url":"https:\/\/copp.lu\/de\/","name":"Centre Ophtalmologique Place de Paris Luxembourg","description":"Ophtalmologie au Luxembourg","publisher":{"@id":"https:\/\/copp.lu\/de\/#organization"},"potentialAction":[{"@type":"SearchAction","target":{"@type":"EntryPoint","urlTemplate":"https:\/\/copp.lu\/de\/?s={search_term_string}"},"query-input":{"@type":"PropertyValueSpecification","valueRequired":true,"valueName":"search_term_string"}}],"inLanguage":"de"},{"@type":"Organization","@id":"https:\/\/copp.lu\/de\/#organization","name":"Centre Ophtalmologique Place de Paris au Luxembourg","url":"https:\/\/copp.lu\/de\/","logo":{"@type":"ImageObject","inLanguage":"de","@id":"https:\/\/copp.lu\/de\/#\/schema\/logo\/image\/","url":"https:\/\/copp.lu\/wp-content\/uploads\/2020\/06\/logo_luxeyes_Taste_V6-01.png","contentUrl":"https:\/\/copp.lu\/wp-content\/uploads\/2020\/06\/logo_luxeyes_Taste_V6-01.png","width":2544,"height":744,"caption":"Centre Ophtalmologique Place de Paris au Luxembourg"},"image":{"@id":"https:\/\/copp.lu\/de\/#\/schema\/logo\/image\/"}}]}},"_links":{"self":[{"href":"https:\/\/copp.lu\/de\/wp-json\/wp\/v2\/pages\/3716","targetHints":{"allow":["GET"]}}],"collection":[{"href":"https:\/\/copp.lu\/de\/wp-json\/wp\/v2\/pages"}],"about":[{"href":"https:\/\/copp.lu\/de\/wp-json\/wp\/v2\/types\/page"}],"author":[{"embeddable":true,"href":"https:\/\/copp.lu\/de\/wp-json\/wp\/v2\/users\/2"}],"replies":[{"embeddable":true,"href":"https:\/\/copp.lu\/de\/wp-json\/wp\/v2\/comments?post=3716"}],"version-history":[{"count":3,"href":"https:\/\/copp.lu\/de\/wp-json\/wp\/v2\/pages\/3716\/revisions"}],"predecessor-version":[{"id":4065,"href":"https:\/\/copp.lu\/de\/wp-json\/wp\/v2\/pages\/3716\/revisions\/4065"}],"up":[{"embeddable":true,"href":"https:\/\/copp.lu\/de\/wp-json\/wp\/v2\/pages\/3714"}],"wp:attachment":[{"href":"https:\/\/copp.lu\/de\/wp-json\/wp\/v2\/media?parent=3716"}],"curies":[{"name":"wp","href":"https:\/\/api.w.org\/{rel}","templated":true}]}}