{"id":3661,"date":"2023-06-07T14:36:01","date_gmt":"2023-06-07T12:36:01","guid":{"rendered":"https:\/\/copp.lu\/?page_id=3661"},"modified":"2023-06-09T16:16:57","modified_gmt":"2023-06-09T14:16:57","slug":"linsenchirurgie-mit-femto-laser-lensx","status":"publish","type":"page","link":"https:\/\/copp.lu\/de\/linsenchirurgie-mit-femto-laser-lensx\/","title":{"rendered":"Linsenchirurgie mit Femto-Laser LensX"},"content":{"rendered":"\n<style type=\"text\/css\" data-created_by=\"avia_inline_auto\" id=\"style-css-av-mxouzj-f0c2ab53a0aa9256445937b00b5750cf\">\n.avia-section.av-mxouzj-f0c2ab53a0aa9256445937b00b5750cf .av-parallax .av-parallax-inner{\nbackground-repeat:no-repeat;\nbackground-image:url(https:\/\/copp.lu\/wp-content\/uploads\/2023\/05\/Fond-Ophtalmo-Luxembourg-Paris-4.jpg);\nbackground-position:50% 0%;\nbackground-attachment:scroll;\n}\n<\/style>\n<div id='av_section_1'  class='avia-section av-mxouzj-f0c2ab53a0aa9256445937b00b5750cf main_color avia-section-default avia-no-border-styling  avia-builder-el-0  el_before_av_section  avia-builder-el-first  avia-full-stretch av-parallax-section avia-bg-style-parallax av-minimum-height av-minimum-height-50 av-height-50  container_wrap fullsize'  data-section-bg-repeat='stretch' data-av_minimum_height_pc='50' data-av_min_height_opt='50'><div class='av-parallax' data-avia-parallax-ratio='0.3' ><div class='av-parallax-inner main_color avia-full-stretch'><\/div><\/div><div class='container av-section-cont-open' ><main  role=\"main\" itemprop=\"mainContentOfPage\"  class='template-page content  av-content-full alpha units'><div class='post-entry post-entry-type-page post-entry-3661'><div class='entry-content-wrapper clearfix'>\n\n<style type=\"text\/css\" data-created_by=\"avia_inline_auto\" id=\"style-css-av-lf9ev3-142b2e23047c4374fe9a3094464c20fd\">\n.flex_column.av-lf9ev3-142b2e23047c4374fe9a3094464c20fd{\nborder-radius:10px 10px 10px 10px;\npadding:30px 30px 30px 30px;\nbackground-color:rgba(255,255,255,0.74);\n}\n<\/style>\n<div  class='flex_column av-lf9ev3-142b2e23047c4374fe9a3094464c20fd av_one_full  avia-builder-el-1  avia-builder-el-no-sibling  first flex_column_div  '     ><p>\n<style type=\"text\/css\" data-created_by=\"avia_inline_auto\" id=\"style-css-av-izxc4v-0fc87233d23705cc7d80c536e33e9995\">\n#top .hr.hr-invisible.av-izxc4v-0fc87233d23705cc7d80c536e33e9995{\nheight:30px;\n}\n<\/style>\n<div  class='hr av-izxc4v-0fc87233d23705cc7d80c536e33e9995 hr-invisible  avia-builder-el-2  el_before_av_textblock  avia-builder-el-first '><span class='hr-inner '><span class=\"hr-inner-style\"><\/span><\/span><\/div><br \/>\n\n<style type=\"text\/css\" data-created_by=\"avia_inline_auto\" id=\"style-css-av-li3byuc2-55fff2d08775990b0766b8a2a4e73b07\">\n#top .av_textblock_section.av-li3byuc2-55fff2d08775990b0766b8a2a4e73b07 .avia_textblock{\ncolor:#000000;\n}\n<\/style>\n<section  class='av_textblock_section av-li3byuc2-55fff2d08775990b0766b8a2a4e73b07 '   itemscope=\"itemscope\" itemtype=\"https:\/\/schema.org\/CreativeWork\" ><div class='avia_textblock av_inherit_color'  itemprop=\"text\" ><h3 style=\"text-align: center;\">Das Augenzentrum<\/h3>\n<h1 style=\"text-align: center; font-size: 30px;\"><strong><span style=\"text-align: center; text-transform: none;\">Linsenchirurgie mit Femto-Laser LensX<\/span><\/strong><\/h1>\n<p style=\"text-align: center;\"><span><span><a href=\"https:\/\/copp.lu\/de\/\">Home<\/a><\/span><\/span><\/p>\n<\/div><\/section><br \/>\n\n<style type=\"text\/css\" data-created_by=\"avia_inline_auto\" id=\"style-css-av-hgqo2n-cd8f5318981a016797e0bcb4393516b2\">\n#top .hr.hr-invisible.av-hgqo2n-cd8f5318981a016797e0bcb4393516b2{\nheight:30px;\n}\n<\/style>\n<div  class='hr av-hgqo2n-cd8f5318981a016797e0bcb4393516b2 hr-invisible  avia-builder-el-4  el_after_av_textblock  avia-builder-el-last '><span class='hr-inner '><span class=\"hr-inner-style\"><\/span><\/span><\/div><\/p><\/div>\n\n<\/div><\/div><\/main><!-- close content main element --><\/div><\/div><div id='av_section_2'  class='avia-section av-ffckbz-be7c60c7e903e680791acfc2f1e8331c main_color avia-section-default avia-no-border-styling  avia-builder-el-5  el_after_av_section  el_before_av_section  avia-bg-style-scroll container_wrap fullsize'  ><div class='container av-section-cont-open' ><div class='template-page content  av-content-full alpha units'><div class='post-entry post-entry-type-page post-entry-3661'><div class='entry-content-wrapper clearfix'>\n\n<style type=\"text\/css\" data-created_by=\"avia_inline_auto\" id=\"style-css-av-eoj78v-36d8c72ccacab500d4336f314ad98b7d\">\n.flex_column.av-eoj78v-36d8c72ccacab500d4336f314ad98b7d{\nborder-radius:0px 0px 0px 0px;\npadding:0px 0px 0px 0px;\n}\n<\/style>\n<div  class='flex_column av-eoj78v-36d8c72ccacab500d4336f314ad98b7d av_one_full  avia-builder-el-6  avia-builder-el-no-sibling  first flex_column_div av-zero-column-padding  '     ><p>\n<style type=\"text\/css\" data-created_by=\"avia_inline_auto\" id=\"style-css-av-liada896-beada7f77a46716ace73b4ad327c1b30\">\n#top .av-special-heading.av-liada896-beada7f77a46716ace73b4ad327c1b30{\npadding-bottom:10px;\nfont-size:25px;\n}\nbody .av-special-heading.av-liada896-beada7f77a46716ace73b4ad327c1b30 .av-special-heading-tag .heading-char{\nfont-size:25px;\n}\n#top #wrap_all .av-special-heading.av-liada896-beada7f77a46716ace73b4ad327c1b30 .av-special-heading-tag{\nfont-size:25px;\n}\n.av-special-heading.av-liada896-beada7f77a46716ace73b4ad327c1b30 .av-subheading{\nfont-size:15px;\n}\n\n@media only screen and (min-width: 480px) and (max-width: 767px){ \n#top #wrap_all .av-special-heading.av-liada896-beada7f77a46716ace73b4ad327c1b30 .av-special-heading-tag{\nfont-size:0.8em;\n}\n}\n\n@media only screen and (max-width: 479px){ \n#top #wrap_all .av-special-heading.av-liada896-beada7f77a46716ace73b4ad327c1b30 .av-special-heading-tag{\nfont-size:0.8em;\n}\n}\n<\/style>\n<div  class='av-special-heading av-liada896-beada7f77a46716ace73b4ad327c1b30 av-special-heading-h3 blockquote modern-quote  avia-builder-el-7  el_before_av_textblock  avia-builder-el-first  av-thin-font av-inherit-size'><h3 class='av-special-heading-tag '  itemprop=\"headline\"  ><strong> Die Revolution f\u00fcr mehr Pr\u00e4zision durch eine klingenlose Implantation. <\/strong><\/h3><div class=\"special-heading-border\"><div class=\"special-heading-inner-border\"><\/div><\/div><\/div><br \/>\n<section  class='av_textblock_section av-li3c5p4p-696c9afbacae00fbe3f3eb07696066ac '   itemscope=\"itemscope\" itemtype=\"https:\/\/schema.org\/CreativeWork\" ><div class='avia_textblock'  itemprop=\"text\" ><p style=\"text-align: justify;\"><em><strong>Bei Grauem Star und Alterssichtigkeit<\/strong> : Die Linsenoperation mit dem LensX\u00ae-Laser, komplett ohne Klingen, hochpr\u00e4zise und sicher. <\/em><\/p>\n<p>Das <a title=\"Augenarzt in Luxemburg\" href=\"https:\/\/copp.lu\/de\/\">Centre Ophtalmologique Place de Paris<\/a> ist das erste und einzige Zentrum in Luxemburg, das Ihnen diese innovative Technik anbietet.<\/p>\n<p><em>Der Femto-Laser LenSx\u00ae erm\u00f6glicht erstmals die klingenlose Implantation von Kunstlinsen zur Behandlung des Grauen Stars und der Alterssichtigkeit. <strong>Der LenSx\u00ae revolutioniert somit diese seit \u00fcber 40 Jahren unver\u00e4nderte Operationsmethode.<\/strong><br \/>\nMehrere Teilschritte der bisherigen Operationsmethode werden in diesem Lasereingriff zusammengefasst und machen so das Skalpell des Chirurgen \u00fcberfl\u00fcssig. F\u00fcr den Patienten bietet dieses neue Verfahren viele Vorteile, wie z. B. eine h\u00f6here Pr\u00e4zision durch eine genauere Positionierung der Kunstlinse und eine h\u00f6here Sicherheit durch hochpr\u00e4zise Laserschnitte.<br \/>\nDer LenSx\u00ae arbeitet mit einer Pr\u00e4zision, die von Hand kaum m\u00f6glich ist, und schafft damit die Voraussetzungen f\u00fcr eine nahezu komplikationslose Behandlung.<br \/>\n<\/em><\/p>\n<\/div><\/section><\/p><\/div><\/div><\/div><\/div><!-- close content main div --><\/div><\/div><div id='av_section_3'  class='avia-section av-5m9nqn-683cc6323a4dbb85072950a5e9b083aa main_color avia-section-default avia-no-border-styling  avia-builder-el-9  el_after_av_section  el_before_av_section  avia-bg-style-scroll container_wrap fullsize'  ><div class='container av-section-cont-open' ><div class='template-page content  av-content-full alpha units'><div class='post-entry post-entry-type-page post-entry-3661'><div class='entry-content-wrapper clearfix'>\n\n<style type=\"text\/css\" data-created_by=\"avia_inline_auto\" id=\"style-css-av-li4ctv8p-97be4b51930c67f08abdc15a1f9d4a99\">\n#top .togglecontainer.av-li4ctv8p-97be4b51930c67f08abdc15a1f9d4a99 p.toggler{\nfont-size:23px;\nbackground-color:#ffffff;\nborder-color:#edae44;\n}\n#top .togglecontainer.av-li4ctv8p-97be4b51930c67f08abdc15a1f9d4a99 .toggle_wrap .toggle_content{\nbackground-color:#ffffff;\nborder-color:#edae44;\n}\n<\/style>\n<div  class='togglecontainer av-li4ctv8p-97be4b51930c67f08abdc15a1f9d4a99 av-elegant-toggle  avia-builder-el-10  avia-builder-el-no-sibling  toggle_close_all' >\n<section class='av_toggle_section av-li4ctuc8-b88d9504f906fbcba55c967684bb1d11'  itemscope=\"itemscope\" itemtype=\"https:\/\/schema.org\/CreativeWork\" ><div role=\"tablist\" class=\"single_toggle\" data-tags=\"{Alle} \"  ><p id='toggle-toggle-id-1' data-fake-id='#toggle-id-1' class='toggler  av-title-above av-inherit-border-color'  itemprop=\"headline\"  role='tab' tabindex='0' aria-controls='toggle-id-1' data-slide-speed=\"200\" data-title=\" &lt;strong style=&quot;color: #004b70;&quot;&gt;Hier erfahren Sie mehr dar\u00fcber&lt;\/strong&gt;\" data-title-open=\"\" data-aria_collapsed=\"Click to expand:  &lt;strong style=&quot;color: #004b70;&quot;&gt;Hier erfahren Sie mehr dar\u00fcber&lt;\/strong&gt;\" data-aria_expanded=\"Click to collapse:  &lt;strong style=&quot;color: #004b70;&quot;&gt;Hier erfahren Sie mehr dar\u00fcber&lt;\/strong&gt;\"> <strong style=\"color: #004b70;\">Hier erfahren Sie mehr dar\u00fcber<\/strong><span class=\"toggle_icon\"><span class=\"vert_icon\"><\/span><span class=\"hor_icon\"><\/span><\/span><\/p><div id='toggle-id-1' aria-labelledby='toggle-toggle-id-1' role='region' class='toggle_wrap  av-title-above'  ><div class='toggle_content invers-color av-inherit-border-color'  itemprop=\"text\" ><p style=\"text-align: justify;\">Das <a title=\"Augenarzt in Luxemburg\" href=\"https:\/\/copp.lu\/de\/\">Centre Ophtalmologique Place de Paris<\/a> ist stolz darauf, Ihnen als erstes und einziges Zentrum in Luxemburg die Femto-Laser-Chirurgie des Grauen Stars und der klaren Linse mit dem Alcon LenSx\u00ae-Laser anbietet.<\/p>\n<p>Der Femto-Laser wurde 2008 eingef\u00fchrt und stellt die neueste Entwicklung im Bereich der modernen Linsenchirurgie dar.<\/p>\n<p>Das prim\u00e4re Ziel der Verwendung eines Femto-Lasers in der Linsenchirurgie ist die Standardisierung bestimmter Operationsschritte, um die manuelle Pr\u00e4zision des Chirurgen durch die automatisierte, unfehlbare Pr\u00e4zision des Lasers zu ersetzen.<\/p>\n<p>Der Femto-Laser revolutioniert somit die seit \u00fcber 40 Jahren nahezu unver\u00e4nderte Operationsmethode, indem er Skalpell und Pinzette ersetzt, wodurch ein m\u00f6glicher menschlicher Fehler auf ein Minimum reduziert wird. Die Patienten erhalten dadurch ein Mehr an Pr\u00e4zision, Perfektion und Sicherheit, das von der menschlichen Hand nicht erreicht werden kann, insbesondere bei den folgenden Schritten:<\/p>\n<ul>\n<li>Der Femto-Laser erm\u00f6glicht es, die Hornhautinzisionen sehr genau zu positionieren und zu dimensionieren.<\/li>\n<li>Die kreisf\u00f6rmige \u00d6ffnung vor dem Linsenbeutel hat einen konstanten Durchmesser und ist vollkommen kreisf\u00f6rmig, was dem intraokularen Implantat eine bessere Stabilit\u00e4t verleiht.<\/li>\n<li>Der Linsenkern wird in kleine St\u00fccke fragmentiert, die leichter zu entnehmen sind.<\/li>\n<\/ul>\n<h3 style=\"color: #004b70;\"><u>Avantages prouv\u00e9s par des \u00e9tudes (vs m\u00e9thode manuelle) :<\/u><\/h3>\n<ol>\n<li>3% weniger Energieaufwand im Auge zum Extrahieren der Linse und damit weniger Stress f\u00fcr das umliegende empfindliche Gewebe.<\/li>\n<li>Weniger besch\u00e4digte Zellen in der Hornhaut.<\/li>\n<li>Weniger Hornhaut\u00f6deme und postoperative Entz\u00fcndungen.<\/li>\n<li>Geringeres Risiko eines Nachstars (h\u00e4ufige sekund\u00e4re Tr\u00fcbung der Linsenkapsel, die einige Monate bis Jahre nach der Operation auftritt).<\/li>\n<li>Schnellere postoperative Genesung nach fortgeschrittenem Grauen Star.<\/li>\n<li>Weniger postoperativer Rest-Astigmatismus.<\/li>\n<\/ol>\n<\/div><\/div><\/div><\/section>\n<\/div>\n<\/p>\n<\/div><\/div><\/div><!-- close content main div --><\/div><\/div><div id='av_section_4'  class='avia-section av-cstl1p-11621d4c9139696aa69e425307febecc main_color avia-section-default avia-no-border-styling  avia-builder-el-11  el_after_av_section  el_before_av_section  av-small-hide av-mini-hide avia-bg-style-scroll container_wrap fullsize'  ><div class='container av-section-cont-open' ><div class='template-page content  av-content-full alpha units'><div class='post-entry post-entry-type-page post-entry-3661'><div class='entry-content-wrapper clearfix'>\n\n<style type=\"text\/css\" data-created_by=\"avia_inline_auto\" id=\"style-css-av-14jwu5-3eeb84f1ed8e262405819106c897b98a\">\n.flex_column.av-14jwu5-3eeb84f1ed8e262405819106c897b98a{\npadding:50px 50px 50px 50px;\nbackground:url(https:\/\/copp.lu\/wp-content\/uploads\/2023\/05\/Fond-Ophtalmo-Luxembourg-Paris.jpg) 100% 100% no-repeat scroll ;\n}\n<\/style>\n<div  class='flex_column av-14jwu5-3eeb84f1ed8e262405819106c897b98a av_one_full  avia-builder-el-12  avia-builder-el-no-sibling  first flex_column_div avia-full-stretch  '     ><p><div  class='avia-button-wrap av-90n3ul-9e0cbbaf22593c3c45cad0659e7383ec-wrap avia-button-left  avia-builder-el-13  el_before_av_textblock  avia-builder-el-first '>\n<style type=\"text\/css\" data-created_by=\"avia_inline_auto\" id=\"style-css-av-90n3ul-9e0cbbaf22593c3c45cad0659e7383ec\">\n#top #wrap_all .avia-button.av-90n3ul-9e0cbbaf22593c3c45cad0659e7383ec{\nbackground-color:#004b70;\nborder-color:#004b70;\ncolor:#ffffff;\ntransition:all 0.4s ease-in-out;\n}\n#top #wrap_all .avia-button.av-90n3ul-9e0cbbaf22593c3c45cad0659e7383ec .avia-svg-icon svg:first-child{\nfill:#ffffff;\nstroke:#ffffff;\n}\n<\/style>\n<a href='https:\/\/copp.lu\/de\/kontakt\/'  class='avia-button av-90n3ul-9e0cbbaf22593c3c45cad0659e7383ec av-link-btn avia-icon_select-yes-left-icon avia-size-x-large avia-position-left'   aria-label=\"Vereinbaren Sie online einen Termin, indem Sie hier klicken\"><span class='avia_button_icon avia_button_icon_left avia-iconfont avia-font-fontello' data-av_icon='\ue836' data-av_iconfont='fontello' ><\/span><span class='avia_iconbox_title' >Vereinbaren Sie online einen Termin, indem Sie hier klicken<\/span><\/a><\/div><br \/>\n\n<style type=\"text\/css\" data-created_by=\"avia_inline_auto\" id=\"style-css-av-70tl59-57e74e150346453e648014ebb27ad445\">\n#top .av_textblock_section.av-70tl59-57e74e150346453e648014ebb27ad445 .avia_textblock{\nfont-size:25px;\ncolor:#000000;\n}\n<\/style>\n<section  class='av_textblock_section av-70tl59-57e74e150346453e648014ebb27ad445 '   itemscope=\"itemscope\" itemtype=\"https:\/\/schema.org\/CreativeWork\" ><div class='avia_textblock av_inherit_color'  itemprop=\"text\" ><p>Wir k\u00fcmmern uns um alle Augenkrankheiten,<br \/>\nVon der Erstdiagnose bis zur regelm\u00e4\u00dfigen Nachsorge.<\/p>\n<\/div><\/section><\/p><\/div>\n\n<\/div><\/div><\/div><!-- close content main div --><\/div><\/div><div id='av_section_5'  class='avia-section av-5k7ap9-0f77e8ddd4c3b2f433e60d68575701fd main_color avia-section-default avia-no-border-styling  avia-builder-el-15  el_after_av_section  avia-builder-el-last  av-desktop-hide av-medium-hide avia-bg-style-scroll container_wrap fullsize'  ><div class='container av-section-cont-open' ><div class='template-page content  av-content-full alpha units'><div class='post-entry post-entry-type-page post-entry-3661'><div class='entry-content-wrapper clearfix'>\n\n<style type=\"text\/css\" data-created_by=\"avia_inline_auto\" id=\"style-css-av-3h4jbh-e98284834de103b656a130fdcd569010\">\n.flex_column.av-3h4jbh-e98284834de103b656a130fdcd569010{\npadding:50px 50px 50px 50px;\nbackground:url(https:\/\/copp.lu\/wp-content\/uploads\/2023\/05\/Fond-Ophtalmo-Luxembourg-Paris.jpg) 100% 100% no-repeat scroll ;\n}\n<\/style>\n<div  class='flex_column av-3h4jbh-e98284834de103b656a130fdcd569010 av_one_full  avia-builder-el-16  avia-builder-el-no-sibling  first flex_column_div avia-full-stretch  '     ><div  class='avia-button-wrap av-32u4st-c619d443ad4236ed23561db2398fb9b4-wrap avia-button-left  avia-builder-el-17  avia-builder-el-no-sibling '>\n<style type=\"text\/css\" data-created_by=\"avia_inline_auto\" id=\"style-css-av-32u4st-c619d443ad4236ed23561db2398fb9b4\">\n#top #wrap_all .avia-button.av-32u4st-c619d443ad4236ed23561db2398fb9b4{\nbackground-color:#004b70;\nborder-color:#004b70;\ncolor:#ffffff;\ntransition:all 0.4s ease-in-out;\n}\n#top #wrap_all .avia-button.av-32u4st-c619d443ad4236ed23561db2398fb9b4 .avia-svg-icon svg:first-child{\nfill:#ffffff;\nstroke:#ffffff;\n}\n<\/style>\n<a href='https:\/\/copp.lu\/de\/kontakt\/'  class='avia-button av-32u4st-c619d443ad4236ed23561db2398fb9b4 av-link-btn avia-icon_select-yes-left-icon avia-size-x-large avia-position-left'   aria-label=\"Vereinbaren Sie online einen Termin, indem Sie hier klicken\"><span class='avia_button_icon avia_button_icon_left avia-iconfont avia-font-fontello' data-av_icon='\ue836' data-av_iconfont='fontello' ><\/span><span class='avia_iconbox_title' >Vereinbaren Sie online einen Termin, indem Sie hier klicken<\/span><\/a><\/div><\/div>\n\n","protected":false},"excerpt":{"rendered":"","protected":false},"author":2,"featured_media":0,"parent":0,"menu_order":0,"comment_status":"closed","ping_status":"closed","template":"","meta":{"footnotes":""},"class_list":["post-3661","page","type-page","status-publish","hentry"],"yoast_head":"<!-- This site is optimized with the Yoast SEO plugin v27.3 - https:\/\/yoast.com\/product\/yoast-seo-wordpress\/ -->\n<title>Linsenchirurgie mit Femto-Laser LensX - Augenarzt in Luxemburg<\/title>\n<meta name=\"description\" content=\"Linsenchirurgie mit Femto-Laser LensX - Augenarzt in Luxemburg\" \/>\n<meta name=\"robots\" content=\"index, follow, max-snippet:-1, max-image-preview:large, max-video-preview:-1\" \/>\n<link rel=\"canonical\" href=\"https:\/\/copp.lu\/de\/linsenchirurgie-mit-femto-laser-lensx\/\" \/>\n<meta property=\"og:locale\" content=\"de_DE\" \/>\n<meta property=\"og:type\" content=\"article\" \/>\n<meta property=\"og:title\" content=\"Linsenchirurgie mit Femto-Laser LensX - Augenarzt in Luxemburg\" \/>\n<meta property=\"og:description\" content=\"Linsenchirurgie mit Femto-Laser LensX - Augenarzt in Luxemburg\" \/>\n<meta property=\"og:url\" content=\"https:\/\/copp.lu\/de\/linsenchirurgie-mit-femto-laser-lensx\/\" \/>\n<meta property=\"og:site_name\" content=\"Centre Ophtalmologique Place de Paris Luxembourg\" \/>\n<meta property=\"article:modified_time\" content=\"2023-06-09T14:16:57+00:00\" \/>\n<meta name=\"twitter:card\" content=\"summary_large_image\" \/>\n<meta name=\"twitter:label1\" content=\"Gesch\u00e4tzte Lesezeit\" \/>\n\t<meta name=\"twitter:data1\" content=\"8\u00a0Minuten\" \/>\n<script type=\"application\/ld+json\" class=\"yoast-schema-graph\">{\"@context\":\"https:\\\/\\\/schema.org\",\"@graph\":[{\"@type\":\"WebPage\",\"@id\":\"https:\\\/\\\/copp.lu\\\/de\\\/linsenchirurgie-mit-femto-laser-lensx\\\/\",\"url\":\"https:\\\/\\\/copp.lu\\\/de\\\/linsenchirurgie-mit-femto-laser-lensx\\\/\",\"name\":\"Linsenchirurgie mit Femto-Laser LensX - Augenarzt in Luxemburg\",\"isPartOf\":{\"@id\":\"https:\\\/\\\/copp.lu\\\/de\\\/#website\"},\"datePublished\":\"2023-06-07T12:36:01+00:00\",\"dateModified\":\"2023-06-09T14:16:57+00:00\",\"description\":\"Linsenchirurgie mit Femto-Laser LensX - Augenarzt in Luxemburg\",\"breadcrumb\":{\"@id\":\"https:\\\/\\\/copp.lu\\\/de\\\/linsenchirurgie-mit-femto-laser-lensx\\\/#breadcrumb\"},\"inLanguage\":\"de\",\"potentialAction\":[{\"@type\":\"ReadAction\",\"target\":[\"https:\\\/\\\/copp.lu\\\/de\\\/linsenchirurgie-mit-femto-laser-lensx\\\/\"]}]},{\"@type\":\"BreadcrumbList\",\"@id\":\"https:\\\/\\\/copp.lu\\\/de\\\/linsenchirurgie-mit-femto-laser-lensx\\\/#breadcrumb\",\"itemListElement\":[{\"@type\":\"ListItem\",\"position\":1,\"name\":\"Home\",\"item\":\"https:\\\/\\\/copp.lu\\\/de\\\/\"},{\"@type\":\"ListItem\",\"position\":2,\"name\":\"Linsenchirurgie mit Femto-Laser LensX\"}]},{\"@type\":\"WebSite\",\"@id\":\"https:\\\/\\\/copp.lu\\\/de\\\/#website\",\"url\":\"https:\\\/\\\/copp.lu\\\/de\\\/\",\"name\":\"Centre Ophtalmologique Place de Paris Luxembourg\",\"description\":\"Ophtalmologie au Luxembourg\",\"publisher\":{\"@id\":\"https:\\\/\\\/copp.lu\\\/de\\\/#organization\"},\"potentialAction\":[{\"@type\":\"SearchAction\",\"target\":{\"@type\":\"EntryPoint\",\"urlTemplate\":\"https:\\\/\\\/copp.lu\\\/de\\\/?s={search_term_string}\"},\"query-input\":{\"@type\":\"PropertyValueSpecification\",\"valueRequired\":true,\"valueName\":\"search_term_string\"}}],\"inLanguage\":\"de\"},{\"@type\":\"Organization\",\"@id\":\"https:\\\/\\\/copp.lu\\\/de\\\/#organization\",\"name\":\"Centre Ophtalmologique Place de Paris au Luxembourg\",\"url\":\"https:\\\/\\\/copp.lu\\\/de\\\/\",\"logo\":{\"@type\":\"ImageObject\",\"inLanguage\":\"de\",\"@id\":\"https:\\\/\\\/copp.lu\\\/de\\\/#\\\/schema\\\/logo\\\/image\\\/\",\"url\":\"https:\\\/\\\/copp.lu\\\/wp-content\\\/uploads\\\/2020\\\/06\\\/logo_luxeyes_Taste_V6-01.png\",\"contentUrl\":\"https:\\\/\\\/copp.lu\\\/wp-content\\\/uploads\\\/2020\\\/06\\\/logo_luxeyes_Taste_V6-01.png\",\"width\":2544,\"height\":744,\"caption\":\"Centre Ophtalmologique Place de Paris au Luxembourg\"},\"image\":{\"@id\":\"https:\\\/\\\/copp.lu\\\/de\\\/#\\\/schema\\\/logo\\\/image\\\/\"}}]}<\/script>\n<!-- \/ Yoast SEO plugin. -->","yoast_head_json":{"title":"Linsenchirurgie mit Femto-Laser LensX - Augenarzt in Luxemburg","description":"Linsenchirurgie mit Femto-Laser LensX - Augenarzt in Luxemburg","robots":{"index":"index","follow":"follow","max-snippet":"max-snippet:-1","max-image-preview":"max-image-preview:large","max-video-preview":"max-video-preview:-1"},"canonical":"https:\/\/copp.lu\/de\/linsenchirurgie-mit-femto-laser-lensx\/","og_locale":"de_DE","og_type":"article","og_title":"Linsenchirurgie mit Femto-Laser LensX - Augenarzt in Luxemburg","og_description":"Linsenchirurgie mit Femto-Laser LensX - Augenarzt in Luxemburg","og_url":"https:\/\/copp.lu\/de\/linsenchirurgie-mit-femto-laser-lensx\/","og_site_name":"Centre Ophtalmologique Place de Paris Luxembourg","article_modified_time":"2023-06-09T14:16:57+00:00","twitter_card":"summary_large_image","twitter_misc":{"Gesch\u00e4tzte Lesezeit":"8\u00a0Minuten"},"schema":{"@context":"https:\/\/schema.org","@graph":[{"@type":"WebPage","@id":"https:\/\/copp.lu\/de\/linsenchirurgie-mit-femto-laser-lensx\/","url":"https:\/\/copp.lu\/de\/linsenchirurgie-mit-femto-laser-lensx\/","name":"Linsenchirurgie mit Femto-Laser LensX - Augenarzt in Luxemburg","isPartOf":{"@id":"https:\/\/copp.lu\/de\/#website"},"datePublished":"2023-06-07T12:36:01+00:00","dateModified":"2023-06-09T14:16:57+00:00","description":"Linsenchirurgie mit Femto-Laser LensX - Augenarzt in Luxemburg","breadcrumb":{"@id":"https:\/\/copp.lu\/de\/linsenchirurgie-mit-femto-laser-lensx\/#breadcrumb"},"inLanguage":"de","potentialAction":[{"@type":"ReadAction","target":["https:\/\/copp.lu\/de\/linsenchirurgie-mit-femto-laser-lensx\/"]}]},{"@type":"BreadcrumbList","@id":"https:\/\/copp.lu\/de\/linsenchirurgie-mit-femto-laser-lensx\/#breadcrumb","itemListElement":[{"@type":"ListItem","position":1,"name":"Home","item":"https:\/\/copp.lu\/de\/"},{"@type":"ListItem","position":2,"name":"Linsenchirurgie mit Femto-Laser LensX"}]},{"@type":"WebSite","@id":"https:\/\/copp.lu\/de\/#website","url":"https:\/\/copp.lu\/de\/","name":"Centre Ophtalmologique Place de Paris Luxembourg","description":"Ophtalmologie au Luxembourg","publisher":{"@id":"https:\/\/copp.lu\/de\/#organization"},"potentialAction":[{"@type":"SearchAction","target":{"@type":"EntryPoint","urlTemplate":"https:\/\/copp.lu\/de\/?s={search_term_string}"},"query-input":{"@type":"PropertyValueSpecification","valueRequired":true,"valueName":"search_term_string"}}],"inLanguage":"de"},{"@type":"Organization","@id":"https:\/\/copp.lu\/de\/#organization","name":"Centre Ophtalmologique Place de Paris au Luxembourg","url":"https:\/\/copp.lu\/de\/","logo":{"@type":"ImageObject","inLanguage":"de","@id":"https:\/\/copp.lu\/de\/#\/schema\/logo\/image\/","url":"https:\/\/copp.lu\/wp-content\/uploads\/2020\/06\/logo_luxeyes_Taste_V6-01.png","contentUrl":"https:\/\/copp.lu\/wp-content\/uploads\/2020\/06\/logo_luxeyes_Taste_V6-01.png","width":2544,"height":744,"caption":"Centre Ophtalmologique Place de Paris au Luxembourg"},"image":{"@id":"https:\/\/copp.lu\/de\/#\/schema\/logo\/image\/"}}]}},"_links":{"self":[{"href":"https:\/\/copp.lu\/de\/wp-json\/wp\/v2\/pages\/3661","targetHints":{"allow":["GET"]}}],"collection":[{"href":"https:\/\/copp.lu\/de\/wp-json\/wp\/v2\/pages"}],"about":[{"href":"https:\/\/copp.lu\/de\/wp-json\/wp\/v2\/types\/page"}],"author":[{"embeddable":true,"href":"https:\/\/copp.lu\/de\/wp-json\/wp\/v2\/users\/2"}],"replies":[{"embeddable":true,"href":"https:\/\/copp.lu\/de\/wp-json\/wp\/v2\/comments?post=3661"}],"version-history":[{"count":3,"href":"https:\/\/copp.lu\/de\/wp-json\/wp\/v2\/pages\/3661\/revisions"}],"predecessor-version":[{"id":3940,"href":"https:\/\/copp.lu\/de\/wp-json\/wp\/v2\/pages\/3661\/revisions\/3940"}],"wp:attachment":[{"href":"https:\/\/copp.lu\/de\/wp-json\/wp\/v2\/media?parent=3661"}],"curies":[{"name":"wp","href":"https:\/\/api.w.org\/{rel}","templated":true}]}}