{"id":3644,"date":"2023-06-07T14:12:05","date_gmt":"2023-06-07T12:12:05","guid":{"rendered":"https:\/\/copp.lu\/?page_id=3644"},"modified":"2023-06-27T17:42:34","modified_gmt":"2023-06-27T15:42:34","slug":"femto-laser-lensx","status":"publish","type":"page","link":"https:\/\/copp.lu\/de\/presbyopie-chirurgie\/femto-laser-lensx\/","title":{"rendered":"Femto Laser LensX"},"content":{"rendered":"\n<style type=\"text\/css\" data-created_by=\"avia_inline_auto\" id=\"style-css-av-qb82lw-6d5fc2d74d983e538a92339df13e1bc0\">\n.avia-section.av-qb82lw-6d5fc2d74d983e538a92339df13e1bc0 .av-parallax .av-parallax-inner{\nbackground-repeat:no-repeat;\nbackground-image:url(https:\/\/copp.lu\/wp-content\/uploads\/2023\/05\/Fond-Ophtalmo-Luxembourg-Paris-4.jpg);\nbackground-position:50% 0%;\nbackground-attachment:scroll;\n}\n<\/style>\n<div id='av_section_1'  class='avia-section av-qb82lw-6d5fc2d74d983e538a92339df13e1bc0 main_color avia-section-default avia-no-border-styling  avia-builder-el-0  el_before_av_section  avia-builder-el-first  avia-full-stretch av-parallax-section avia-bg-style-parallax container_wrap fullsize'  data-section-bg-repeat='stretch'><div class='av-parallax' data-avia-parallax-ratio='0.3' ><div class='av-parallax-inner main_color avia-full-stretch'><\/div><\/div><div class='container av-section-cont-open' ><main  role=\"main\" itemprop=\"mainContentOfPage\"  class='template-page content  av-content-full alpha units'><div class='post-entry post-entry-type-page post-entry-3644'><div class='entry-content-wrapper clearfix'>\n\n<style type=\"text\/css\" data-created_by=\"avia_inline_auto\" id=\"style-css-av-nnx7t0-a33f469e5d0af5e6ec84196da626397b\">\n.flex_column.av-nnx7t0-a33f469e5d0af5e6ec84196da626397b{\nborder-radius:10px 10px 10px 10px;\npadding:30px 30px 30px 30px;\nbackground-color:rgba(0,75,112,0.88);\n}\n<\/style>\n<div  class='flex_column av-nnx7t0-a33f469e5d0af5e6ec84196da626397b av_one_half  avia-builder-el-1  el_before_av_one_half  avia-builder-el-first  first flex_column_div  '     ><p>\n<style type=\"text\/css\" data-created_by=\"avia_inline_auto\" id=\"style-css-av-li2xgi81-1a9e679bdd25414a36c097dfe58923e0\">\n.av_font_icon.av-li2xgi81-1a9e679bdd25414a36c097dfe58923e0{\ncolor:#ffffff;\nborder-color:#ffffff;\n}\n.avia-svg-icon.av-li2xgi81-1a9e679bdd25414a36c097dfe58923e0 svg:first-child{\nstroke:#ffffff;\nfill:#ffffff;\n}\n.av_font_icon.av-li2xgi81-1a9e679bdd25414a36c097dfe58923e0 .av-icon-char{\nfont-size:40px;\nline-height:40px;\n}\n<\/style>\n<span  class='av_font_icon av-li2xgi81-1a9e679bdd25414a36c097dfe58923e0 avia_animate_when_visible av-icon-style- avia-icon-pos-center avia-iconfont avia-font-fontello avia-icon-animate'><span class='av-icon-char' data-av_icon='\ue86a' data-av_iconfont='fontello' aria-hidden=\"true\" ><\/span><\/span><br \/>\n\n<style type=\"text\/css\" data-created_by=\"avia_inline_auto\" id=\"style-css-av-ltw13o-2ea8f6090a0bad6e549e5ddfc1ce97b5\">\n#top .hr.hr-invisible.av-ltw13o-2ea8f6090a0bad6e549e5ddfc1ce97b5{\nheight:30px;\n}\n<\/style>\n<div  class='hr av-ltw13o-2ea8f6090a0bad6e549e5ddfc1ce97b5 hr-invisible  avia-builder-el-3  el_after_av_font_icon  el_before_av_textblock '><span class='hr-inner '><span class=\"hr-inner-style\"><\/span><\/span><\/div><br \/>\n\n<style type=\"text\/css\" data-created_by=\"avia_inline_auto\" id=\"style-css-av-li2xgae4-9b603153c0c7657079f7834be9e455ac\">\n#top .av_textblock_section.av-li2xgae4-9b603153c0c7657079f7834be9e455ac .avia_textblock{\ncolor:#ffffff;\n}\n<\/style>\n<section  class='av_textblock_section av-li2xgae4-9b603153c0c7657079f7834be9e455ac '   itemscope=\"itemscope\" itemtype=\"https:\/\/schema.org\/CreativeWork\" ><div class='avia_textblock av_inherit_color'  itemprop=\"text\" ><h3 style=\"text-align: center;\">Presbytie Chirurgie<\/h3>\n<h1 style=\"text-align: center; font-size: 30px;\"><span style=\"text-align: center; text-transform: none;\">Femto Laser LensX<\/span><\/h1>\n<p style=\"text-align: center;\"><span><span><a href=\"https:\/\/copp.lu\/de\/\">Home<\/a><\/span><\/span><\/p>\n<\/div><\/section><\/p><\/div><div  class='flex_column av-kp19kk-54ba5ce3c19d2eabc38a200fe32326dd av_one_half  avia-builder-el-5  el_after_av_one_half  avia-builder-el-last  flex_column_div  '     ><\/div>\n\n<\/div><\/div><\/main><!-- close content main element --><\/div><\/div><div id='av_section_2'  class='avia-section av-psry5-9d6d39ecdd90a203589ed6cfd5a9cc68 main_color avia-section-default avia-no-border-styling  avia-builder-el-6  el_after_av_section  el_before_av_section  avia-bg-style-scroll container_wrap fullsize'  ><div class='container av-section-cont-open' ><div class='template-page content  av-content-full alpha units'><div class='post-entry post-entry-type-page post-entry-3644'><div class='entry-content-wrapper clearfix'>\n\n<style type=\"text\/css\" data-created_by=\"avia_inline_auto\" id=\"style-css-av-6ief65-3f812285d8e661407bf72cd59f90746b\">\n.flex_column.av-6ief65-3f812285d8e661407bf72cd59f90746b{\nborder-radius:0px 0px 0px 0px;\npadding:0px 0px 0px 0px;\n}\n<\/style>\n<div  class='flex_column av-6ief65-3f812285d8e661407bf72cd59f90746b av_one_full  avia-builder-el-7  el_before_av_one_full  avia-builder-el-first  first flex_column_div av-zero-column-padding  '     ><section  class='av_textblock_section av-li2yyknj-bcf4e385c8acc0853bb61323708e7634 '   itemscope=\"itemscope\" itemtype=\"https:\/\/schema.org\/CreativeWork\" ><div class='avia_textblock'  itemprop=\"text\" ><p style=\"text-align: justify;\">Das Centre Ophtalmologique Place de Paris ist stolz darauf, Ihnen als erstes und einziges Zentrum in Luxemburg den refraktiven Linsentausch assistiert von einem Femto-Laser, dem Alcon LenSx\u00ae, anbieten zu k\u00f6nnen.<\/p>\n<p>Der Femto-Laser wurde 2008 eingef\u00fchrt und stellt die neueste Entwicklung im Bereich der modernen Linsenchirurgie dar.<\/p>\n<p>Das prim\u00e4re Ziel der Verwendung eines Femto-Lasers in der Linsenchirurgie ist die Standardisierung bestimmter Operationsschritte, um die manuelle Pr\u00e4zision des Chirurgen durch die automatisierte, unfehlbare Pr\u00e4zision des Lasers zu ersetzen.<\/p>\n<\/div><\/section><\/div>\n<style type=\"text\/css\" data-created_by=\"avia_inline_auto\" id=\"style-css-av-6w8bkq-4b7f6d0da2948364f6b2717dd07f5078\">\n.flex_column.av-6w8bkq-4b7f6d0da2948364f6b2717dd07f5078{\nborder-radius:0px 0px 0px 0px;\npadding:0px 0px 0px 0px;\n}\n<\/style>\n<div  class='flex_column av-6w8bkq-4b7f6d0da2948364f6b2717dd07f5078 av_one_full  avia-builder-el-9  el_after_av_one_full  avia-builder-el-last  first flex_column_div av-zero-column-padding  column-top-margin'     ><section  class='av_textblock_section av-li30md85-ca3db0987dc87a436dd629a42f979c9e '   itemscope=\"itemscope\" itemtype=\"https:\/\/schema.org\/CreativeWork\" ><div class='avia_textblock'  itemprop=\"text\" ><p style=\"text-align: justify;\">Der Femto-Laser revolutioniert somit die seit \u00fcber 40 Jahren nahezu unver\u00e4nderte Operationsmethode, indem er Skalpell und Pinzette ersetzt, wodurch ein m\u00f6glicher menschlicher Fehler auf ein Minimum reduziert wird. Die Patienten erhalten dadurch ein Mehr an Pr\u00e4zision, Perfektion und Sicherheit, das von der menschlichen Hand nicht erreicht werden kann, insbesondere bei den folgenden Schritten:<\/p>\n<p style=\"text-align: justify;\">\n<style type=\"text\/css\" data-created_by=\"avia_inline_auto\" id=\"style-css-av-6i2mt6-ed188e353e90a2e6f4bd8c5d79069f96\">\n.av_font_icon.av-6i2mt6-ed188e353e90a2e6f4bd8c5d79069f96{\ncolor:#004b70;\nborder-color:#004b70;\n}\n.avia-svg-icon.av-6i2mt6-ed188e353e90a2e6f4bd8c5d79069f96 svg:first-child{\nstroke:#004b70;\nfill:#004b70;\n}\n.av_font_icon.av-6i2mt6-ed188e353e90a2e6f4bd8c5d79069f96 .av-icon-char{\nfont-size:20px;\nline-height:20px;\n}\n<\/style>\n<span  class='av_font_icon av-6i2mt6-ed188e353e90a2e6f4bd8c5d79069f96 avia_animate_when_visible av-icon-style- avia-icon-pos-left avia-iconfont avia-font-entypo-fontello avia-icon-animate'><span class='av-icon-char' data-av_icon='\ue875' data-av_iconfont='entypo-fontello' aria-hidden=\"true\" ><\/span><\/span> Der Femto-Laser erm\u00f6glicht es, die Hornhautinzisionen sehr genau zu positionieren und zu dimensionieren.<\/p>\n<p style=\"text-align: justify;\">\n<style type=\"text\/css\" data-created_by=\"avia_inline_auto\" id=\"style-css-av-47xgh6-4f6cbcc05cd2e37f3323fb961f98fead\">\n.av_font_icon.av-47xgh6-4f6cbcc05cd2e37f3323fb961f98fead{\ncolor:#004b70;\nborder-color:#004b70;\n}\n.avia-svg-icon.av-47xgh6-4f6cbcc05cd2e37f3323fb961f98fead svg:first-child{\nstroke:#004b70;\nfill:#004b70;\n}\n.av_font_icon.av-47xgh6-4f6cbcc05cd2e37f3323fb961f98fead .av-icon-char{\nfont-size:20px;\nline-height:20px;\n}\n<\/style>\n<span  class='av_font_icon av-47xgh6-4f6cbcc05cd2e37f3323fb961f98fead avia_animate_when_visible av-icon-style- avia-icon-pos-left avia-iconfont avia-font-entypo-fontello avia-icon-animate'><span class='av-icon-char' data-av_icon='\ue875' data-av_iconfont='entypo-fontello' aria-hidden=\"true\" ><\/span><\/span> Die kreisf\u00f6rmige \u00d6ffnung vor dem Linsenbeutel hat einen konstanten Durchmesser und ist vollkommen kreisf\u00f6rmig, was dem intraokularen Implantat eine bessere Stabilit\u00e4t verleiht.<\/p>\n<p style=\"text-align: justify;\">\n<style type=\"text\/css\" data-created_by=\"avia_inline_auto\" id=\"style-css-av-34yf7u-5f170eee098132e498d1bdd036634fdf\">\n.av_font_icon.av-34yf7u-5f170eee098132e498d1bdd036634fdf{\ncolor:#004b70;\nborder-color:#004b70;\n}\n.avia-svg-icon.av-34yf7u-5f170eee098132e498d1bdd036634fdf svg:first-child{\nstroke:#004b70;\nfill:#004b70;\n}\n.av_font_icon.av-34yf7u-5f170eee098132e498d1bdd036634fdf .av-icon-char{\nfont-size:20px;\nline-height:20px;\n}\n<\/style>\n<span  class='av_font_icon av-34yf7u-5f170eee098132e498d1bdd036634fdf avia_animate_when_visible av-icon-style- avia-icon-pos-left avia-iconfont avia-font-entypo-fontello avia-icon-animate'><span class='av-icon-char' data-av_icon='\ue875' data-av_iconfont='entypo-fontello' aria-hidden=\"true\" ><\/span><\/span> Der Linsenkern wird in kleine St\u00fccke fragmentiert, die leichter zu entfernen sind.<\/p>\n<\/div><\/section><\/div><\/div><\/div><\/div><!-- close content main div --><\/div><\/div><div id='av_section_3'  class='avia-section av-cg8wqk-60cfb5af9fed5952e3751ff8a416c110 main_color avia-section-default avia-no-border-styling  avia-builder-el-14  el_after_av_section  el_before_av_section  av-small-hide av-mini-hide avia-bg-style-scroll container_wrap fullsize'  ><div class='container av-section-cont-open' ><div class='template-page content  av-content-full alpha units'><div class='post-entry post-entry-type-page post-entry-3644'><div class='entry-content-wrapper clearfix'>\n\n<style type=\"text\/css\" data-created_by=\"avia_inline_auto\" id=\"style-css-av-b9lmoc-96b287ba1bd02cf93ff2f0b711affd65\">\n.flex_column.av-b9lmoc-96b287ba1bd02cf93ff2f0b711affd65{\npadding:50px 50px 50px 50px;\nbackground:url(https:\/\/copp.lu\/wp-content\/uploads\/2023\/05\/Fond-Ophtalmo-Luxembourg-Paris.jpg) 100% 100% no-repeat scroll ;\n}\n<\/style>\n<div  class='flex_column av-b9lmoc-96b287ba1bd02cf93ff2f0b711affd65 av_one_full  avia-builder-el-15  avia-builder-el-no-sibling  first flex_column_div avia-full-stretch  '     ><p><div  class='avia-button-wrap av-8kbm58-14e0c46bbcd2584b22c49fe51b0bd621-wrap avia-button-left  avia-builder-el-16  el_before_av_textblock  avia-builder-el-first '>\n<style type=\"text\/css\" data-created_by=\"avia_inline_auto\" id=\"style-css-av-8kbm58-14e0c46bbcd2584b22c49fe51b0bd621\">\n#top #wrap_all .avia-button.av-8kbm58-14e0c46bbcd2584b22c49fe51b0bd621{\nbackground-color:#004b70;\nborder-color:#004b70;\ncolor:#ffffff;\ntransition:all 0.4s ease-in-out;\n}\n#top #wrap_all .avia-button.av-8kbm58-14e0c46bbcd2584b22c49fe51b0bd621 .avia-svg-icon svg:first-child{\nfill:#ffffff;\nstroke:#ffffff;\n}\n<\/style>\n<a href='https:\/\/copp.lu\/de\/kontakt\/'  class='avia-button av-8kbm58-14e0c46bbcd2584b22c49fe51b0bd621 av-link-btn avia-icon_select-yes-left-icon avia-size-x-large avia-position-left'   aria-label=\"Vereinbaren Sie online einen Termin, indem Sie hier klicken\"><span class='avia_button_icon avia_button_icon_left avia-iconfont avia-font-fontello' data-av_icon='\ue836' data-av_iconfont='fontello' ><\/span><span class='avia_iconbox_title' >Vereinbaren Sie online einen Termin, indem Sie hier klicken<\/span><\/a><\/div><br \/>\n\n<style type=\"text\/css\" data-created_by=\"avia_inline_auto\" id=\"style-css-av-6sxt30-b57d4cf6c241b4ec46ed8013f1e47a0f\">\n#top .av_textblock_section.av-6sxt30-b57d4cf6c241b4ec46ed8013f1e47a0f .avia_textblock{\nfont-size:25px;\ncolor:#000000;\n}\n<\/style>\n<section  class='av_textblock_section av-6sxt30-b57d4cf6c241b4ec46ed8013f1e47a0f '   itemscope=\"itemscope\" itemtype=\"https:\/\/schema.org\/CreativeWork\" ><div class='avia_textblock av_inherit_color'  itemprop=\"text\" ><p>Wir k\u00fcmmern uns um alle Augenkrankheiten,<br \/>\nVon der Erstdiagnose bis zur regelm\u00e4\u00dfigen Nachsorge.<\/p>\n<\/div><\/section><\/p><\/div>\n<\/p>\n<\/div><\/div><\/div><!-- close content main div --><\/div><\/div><div id='av_section_4'  class='avia-section av-5scxoc-7f1981ca27ac7f50b219767a69a153d6 main_color avia-section-default avia-no-border-styling  avia-builder-el-18  el_after_av_section  avia-builder-el-last  av-desktop-hide av-medium-hide avia-bg-style-scroll container_wrap fullsize'  ><div class='container av-section-cont-open' ><div class='template-page content  av-content-full alpha units'><div class='post-entry post-entry-type-page post-entry-3644'><div class='entry-content-wrapper clearfix'>\n\n<style type=\"text\/css\" data-created_by=\"avia_inline_auto\" id=\"style-css-av-3xtqto-204e0cce0569061c2952a1fa3a929a75\">\n.flex_column.av-3xtqto-204e0cce0569061c2952a1fa3a929a75{\npadding:50px 50px 50px 50px;\nbackground:url(https:\/\/copp.lu\/wp-content\/uploads\/2023\/05\/Fond-Ophtalmo-Luxembourg-Paris.jpg) 100% 100% no-repeat scroll ;\n}\n<\/style>\n<div  class='flex_column av-3xtqto-204e0cce0569061c2952a1fa3a929a75 av_one_full  avia-builder-el-19  avia-builder-el-no-sibling  first flex_column_div avia-full-stretch  '     ><div  class='avia-button-wrap av-1z73bw-187f8321aa76492d0c23c4ed2c1175a1-wrap avia-button-left  avia-builder-el-20  avia-builder-el-no-sibling '>\n<style type=\"text\/css\" data-created_by=\"avia_inline_auto\" id=\"style-css-av-1z73bw-187f8321aa76492d0c23c4ed2c1175a1\">\n#top #wrap_all .avia-button.av-1z73bw-187f8321aa76492d0c23c4ed2c1175a1{\nbackground-color:#004b70;\nborder-color:#004b70;\ncolor:#ffffff;\ntransition:all 0.4s ease-in-out;\n}\n#top #wrap_all .avia-button.av-1z73bw-187f8321aa76492d0c23c4ed2c1175a1 .avia-svg-icon svg:first-child{\nfill:#ffffff;\nstroke:#ffffff;\n}\n<\/style>\n<a href='https:\/\/copp.lu\/de\/kontakt\/'  class='avia-button av-1z73bw-187f8321aa76492d0c23c4ed2c1175a1 av-link-btn avia-icon_select-yes-left-icon avia-size-x-large avia-position-left'   aria-label=\"Vereinbaren Sie online einen Termin, indem Sie hier klicken\"><span class='avia_button_icon avia_button_icon_left avia-iconfont avia-font-fontello' data-av_icon='\ue836' data-av_iconfont='fontello' ><\/span><span class='avia_iconbox_title' >Vereinbaren Sie online einen Termin, indem Sie hier klicken<\/span><\/a><\/div><\/div>\n\n","protected":false},"excerpt":{"rendered":"","protected":false},"author":2,"featured_media":0,"parent":3636,"menu_order":0,"comment_status":"closed","ping_status":"closed","template":"","meta":{"footnotes":""},"class_list":["post-3644","page","type-page","status-publish","hentry"],"yoast_head":"<!-- This site is optimized with the Yoast SEO plugin v27.3 - https:\/\/yoast.com\/product\/yoast-seo-wordpress\/ -->\n<title>Femto Laser LensX - Centre Ophtalmologique Place de Paris Luxembourg<\/title>\n<meta name=\"robots\" content=\"index, follow, max-snippet:-1, max-image-preview:large, max-video-preview:-1\" \/>\n<link rel=\"canonical\" href=\"https:\/\/copp.lu\/de\/presbyopie-chirurgie\/femto-laser-lensx\/\" \/>\n<meta property=\"og:locale\" content=\"de_DE\" \/>\n<meta property=\"og:type\" content=\"article\" \/>\n<meta property=\"og:title\" content=\"Femto Laser LensX - Centre Ophtalmologique Place de Paris Luxembourg\" \/>\n<meta property=\"og:url\" content=\"https:\/\/copp.lu\/de\/presbyopie-chirurgie\/femto-laser-lensx\/\" \/>\n<meta property=\"og:site_name\" content=\"Centre Ophtalmologique Place de Paris Luxembourg\" \/>\n<meta property=\"article:modified_time\" content=\"2023-06-27T15:42:34+00:00\" \/>\n<meta name=\"twitter:card\" content=\"summary_large_image\" \/>\n<meta name=\"twitter:label1\" content=\"Gesch\u00e4tzte Lesezeit\" \/>\n\t<meta name=\"twitter:data1\" content=\"8\u00a0Minuten\" \/>\n<script type=\"application\/ld+json\" class=\"yoast-schema-graph\">{\"@context\":\"https:\\\/\\\/schema.org\",\"@graph\":[{\"@type\":\"WebPage\",\"@id\":\"https:\\\/\\\/copp.lu\\\/de\\\/presbyopie-chirurgie\\\/femto-laser-lensx\\\/\",\"url\":\"https:\\\/\\\/copp.lu\\\/de\\\/presbyopie-chirurgie\\\/femto-laser-lensx\\\/\",\"name\":\"Femto Laser LensX - Centre Ophtalmologique Place de Paris Luxembourg\",\"isPartOf\":{\"@id\":\"https:\\\/\\\/copp.lu\\\/de\\\/#website\"},\"datePublished\":\"2023-06-07T12:12:05+00:00\",\"dateModified\":\"2023-06-27T15:42:34+00:00\",\"breadcrumb\":{\"@id\":\"https:\\\/\\\/copp.lu\\\/de\\\/presbyopie-chirurgie\\\/femto-laser-lensx\\\/#breadcrumb\"},\"inLanguage\":\"de\",\"potentialAction\":[{\"@type\":\"ReadAction\",\"target\":[\"https:\\\/\\\/copp.lu\\\/de\\\/presbyopie-chirurgie\\\/femto-laser-lensx\\\/\"]}]},{\"@type\":\"BreadcrumbList\",\"@id\":\"https:\\\/\\\/copp.lu\\\/de\\\/presbyopie-chirurgie\\\/femto-laser-lensx\\\/#breadcrumb\",\"itemListElement\":[{\"@type\":\"ListItem\",\"position\":1,\"name\":\"Home\",\"item\":\"https:\\\/\\\/copp.lu\\\/de\\\/\"},{\"@type\":\"ListItem\",\"position\":2,\"name\":\"Presbyopie-Chirurgie\",\"item\":\"https:\\\/\\\/copp.lu\\\/de\\\/presbyopie-chirurgie\\\/\"},{\"@type\":\"ListItem\",\"position\":3,\"name\":\"Femto Laser LensX\"}]},{\"@type\":\"WebSite\",\"@id\":\"https:\\\/\\\/copp.lu\\\/de\\\/#website\",\"url\":\"https:\\\/\\\/copp.lu\\\/de\\\/\",\"name\":\"Centre Ophtalmologique Place de Paris Luxembourg\",\"description\":\"Ophtalmologie au Luxembourg\",\"publisher\":{\"@id\":\"https:\\\/\\\/copp.lu\\\/de\\\/#organization\"},\"potentialAction\":[{\"@type\":\"SearchAction\",\"target\":{\"@type\":\"EntryPoint\",\"urlTemplate\":\"https:\\\/\\\/copp.lu\\\/de\\\/?s={search_term_string}\"},\"query-input\":{\"@type\":\"PropertyValueSpecification\",\"valueRequired\":true,\"valueName\":\"search_term_string\"}}],\"inLanguage\":\"de\"},{\"@type\":\"Organization\",\"@id\":\"https:\\\/\\\/copp.lu\\\/de\\\/#organization\",\"name\":\"Centre Ophtalmologique Place de Paris au Luxembourg\",\"url\":\"https:\\\/\\\/copp.lu\\\/de\\\/\",\"logo\":{\"@type\":\"ImageObject\",\"inLanguage\":\"de\",\"@id\":\"https:\\\/\\\/copp.lu\\\/de\\\/#\\\/schema\\\/logo\\\/image\\\/\",\"url\":\"https:\\\/\\\/copp.lu\\\/wp-content\\\/uploads\\\/2020\\\/06\\\/logo_luxeyes_Taste_V6-01.png\",\"contentUrl\":\"https:\\\/\\\/copp.lu\\\/wp-content\\\/uploads\\\/2020\\\/06\\\/logo_luxeyes_Taste_V6-01.png\",\"width\":2544,\"height\":744,\"caption\":\"Centre Ophtalmologique Place de Paris au Luxembourg\"},\"image\":{\"@id\":\"https:\\\/\\\/copp.lu\\\/de\\\/#\\\/schema\\\/logo\\\/image\\\/\"}}]}<\/script>\n<!-- \/ Yoast SEO plugin. -->","yoast_head_json":{"title":"Femto Laser LensX - Centre Ophtalmologique Place de Paris Luxembourg","robots":{"index":"index","follow":"follow","max-snippet":"max-snippet:-1","max-image-preview":"max-image-preview:large","max-video-preview":"max-video-preview:-1"},"canonical":"https:\/\/copp.lu\/de\/presbyopie-chirurgie\/femto-laser-lensx\/","og_locale":"de_DE","og_type":"article","og_title":"Femto Laser LensX - Centre Ophtalmologique Place de Paris Luxembourg","og_url":"https:\/\/copp.lu\/de\/presbyopie-chirurgie\/femto-laser-lensx\/","og_site_name":"Centre Ophtalmologique Place de Paris Luxembourg","article_modified_time":"2023-06-27T15:42:34+00:00","twitter_card":"summary_large_image","twitter_misc":{"Gesch\u00e4tzte Lesezeit":"8\u00a0Minuten"},"schema":{"@context":"https:\/\/schema.org","@graph":[{"@type":"WebPage","@id":"https:\/\/copp.lu\/de\/presbyopie-chirurgie\/femto-laser-lensx\/","url":"https:\/\/copp.lu\/de\/presbyopie-chirurgie\/femto-laser-lensx\/","name":"Femto Laser LensX - Centre Ophtalmologique Place de Paris Luxembourg","isPartOf":{"@id":"https:\/\/copp.lu\/de\/#website"},"datePublished":"2023-06-07T12:12:05+00:00","dateModified":"2023-06-27T15:42:34+00:00","breadcrumb":{"@id":"https:\/\/copp.lu\/de\/presbyopie-chirurgie\/femto-laser-lensx\/#breadcrumb"},"inLanguage":"de","potentialAction":[{"@type":"ReadAction","target":["https:\/\/copp.lu\/de\/presbyopie-chirurgie\/femto-laser-lensx\/"]}]},{"@type":"BreadcrumbList","@id":"https:\/\/copp.lu\/de\/presbyopie-chirurgie\/femto-laser-lensx\/#breadcrumb","itemListElement":[{"@type":"ListItem","position":1,"name":"Home","item":"https:\/\/copp.lu\/de\/"},{"@type":"ListItem","position":2,"name":"Presbyopie-Chirurgie","item":"https:\/\/copp.lu\/de\/presbyopie-chirurgie\/"},{"@type":"ListItem","position":3,"name":"Femto Laser LensX"}]},{"@type":"WebSite","@id":"https:\/\/copp.lu\/de\/#website","url":"https:\/\/copp.lu\/de\/","name":"Centre Ophtalmologique Place de Paris Luxembourg","description":"Ophtalmologie au Luxembourg","publisher":{"@id":"https:\/\/copp.lu\/de\/#organization"},"potentialAction":[{"@type":"SearchAction","target":{"@type":"EntryPoint","urlTemplate":"https:\/\/copp.lu\/de\/?s={search_term_string}"},"query-input":{"@type":"PropertyValueSpecification","valueRequired":true,"valueName":"search_term_string"}}],"inLanguage":"de"},{"@type":"Organization","@id":"https:\/\/copp.lu\/de\/#organization","name":"Centre Ophtalmologique Place de Paris au Luxembourg","url":"https:\/\/copp.lu\/de\/","logo":{"@type":"ImageObject","inLanguage":"de","@id":"https:\/\/copp.lu\/de\/#\/schema\/logo\/image\/","url":"https:\/\/copp.lu\/wp-content\/uploads\/2020\/06\/logo_luxeyes_Taste_V6-01.png","contentUrl":"https:\/\/copp.lu\/wp-content\/uploads\/2020\/06\/logo_luxeyes_Taste_V6-01.png","width":2544,"height":744,"caption":"Centre Ophtalmologique Place de Paris au Luxembourg"},"image":{"@id":"https:\/\/copp.lu\/de\/#\/schema\/logo\/image\/"}}]}},"_links":{"self":[{"href":"https:\/\/copp.lu\/de\/wp-json\/wp\/v2\/pages\/3644","targetHints":{"allow":["GET"]}}],"collection":[{"href":"https:\/\/copp.lu\/de\/wp-json\/wp\/v2\/pages"}],"about":[{"href":"https:\/\/copp.lu\/de\/wp-json\/wp\/v2\/types\/page"}],"author":[{"embeddable":true,"href":"https:\/\/copp.lu\/de\/wp-json\/wp\/v2\/users\/2"}],"replies":[{"embeddable":true,"href":"https:\/\/copp.lu\/de\/wp-json\/wp\/v2\/comments?post=3644"}],"version-history":[{"count":3,"href":"https:\/\/copp.lu\/de\/wp-json\/wp\/v2\/pages\/3644\/revisions"}],"predecessor-version":[{"id":4045,"href":"https:\/\/copp.lu\/de\/wp-json\/wp\/v2\/pages\/3644\/revisions\/4045"}],"up":[{"embeddable":true,"href":"https:\/\/copp.lu\/de\/wp-json\/wp\/v2\/pages\/3636"}],"wp:attachment":[{"href":"https:\/\/copp.lu\/de\/wp-json\/wp\/v2\/media?parent=3644"}],"curies":[{"name":"wp","href":"https:\/\/api.w.org\/{rel}","templated":true}]}}