{"id":2275,"date":"2022-03-10T20:20:32","date_gmt":"2022-03-10T19:20:32","guid":{"rendered":"https:\/\/copp.lu\/?page_id=2275"},"modified":"2022-03-25T17:10:01","modified_gmt":"2022-03-25T16:10:01","slug":"ektropium","status":"publish","type":"page","link":"https:\/\/copp.lu\/de\/augenlider-und-aesthetik\/ektropium\/","title":{"rendered":"Ektropium"},"content":{"rendered":"\n<style type=\"text\/css\" data-created_by=\"avia_inline_auto\" id=\"style-css-av-kcahkfal-72c90561ff5fff1f644bc53471616d02\">\n.avia-section.av-kcahkfal-72c90561ff5fff1f644bc53471616d02 .av-parallax .av-parallax-inner{\nbackground-repeat:no-repeat;\nbackground-image:url(https:\/\/copp.lu\/wp-content\/uploads\/2020\/07\/page-daccueilpaupieres-et-estetique-1-1210x423.jpg);\nbackground-position:50% 100%;\nbackground-attachment:scroll;\n}\n.avia-section.av-kcahkfal-72c90561ff5fff1f644bc53471616d02 .av-section-color-overlay{\nopacity:0.7;\nbackground-color:#ffffff;\n}\n<\/style>\n<div id='av_section_1'  class='avia-section av-kcahkfal-72c90561ff5fff1f644bc53471616d02 main_color avia-section-default avia-no-border-styling  avia-builder-el-0  el_before_av_one_full  avia-builder-el-first  av-parallax-section avia-bg-style-parallax av-section-color-overlay-active container_wrap fullsize'  data-section-bg-repeat='no-repeat'><div class='av-parallax' data-avia-parallax-ratio='0.3' ><div class='av-parallax-inner main_color avia-full-stretch'><\/div><\/div><div class=\"av-section-color-overlay-wrap\"><div class=\"av-section-color-overlay\"><\/div><div class='container av-section-cont-open' ><main  role=\"main\" itemprop=\"mainContentOfPage\"  class='template-page content  av-content-full alpha units'><div class='post-entry post-entry-type-page post-entry-2275'><div class='entry-content-wrapper clearfix'>\n\n<style type=\"text\/css\" data-created_by=\"avia_inline_auto\" id=\"style-css-av-kcahgaay-81c3c4427d377a4e03ea1605ada4f2cd\">\n#top .av_textblock_section.av-kcahgaay-81c3c4427d377a4e03ea1605ada4f2cd .avia_textblock{\ncolor:#000000;\n}\n<\/style>\n<section  class='av_textblock_section av-kcahgaay-81c3c4427d377a4e03ea1605ada4f2cd '   itemscope=\"itemscope\" itemtype=\"https:\/\/schema.org\/CreativeWork\" ><div class='avia_textblock av_inherit_color'  itemprop=\"text\" ><h3 style=\"text-align: center;\">Augenlid und \u00c4sthetik<\/h3>\n<h1 style=\"text-align: center;\">Ektropium<\/h1>\n<p style=\"text-align: center;\"><span><span><a href=\"https:\/\/copp.lu\/de\/\">Home<\/a><\/span><\/span><\/p>\n<\/div><\/section>\n<\/div><\/div><\/main><!-- close content main element --><\/div><\/div><\/div><div id='after_section_1'  class='main_color av_default_container_wrap container_wrap fullsize'  ><div class='container av-section-cont-open' ><div class='template-page content  av-content-full alpha units'><div class='post-entry post-entry-type-page post-entry-2275'><div class='entry-content-wrapper clearfix'>\n\n<style type=\"text\/css\" data-created_by=\"avia_inline_auto\" id=\"style-css-av-bgws6-56577495b047f09b7ef625b6ab032780\">\n.flex_column.av-bgws6-56577495b047f09b7ef625b6ab032780{\nborder-radius:0px 0px 0px 0px;\npadding:0px 0px 0px 0px;\n}\n<\/style>\n<div  class='flex_column av-bgws6-56577495b047f09b7ef625b6ab032780 av_one_full  avia-builder-el-2  el_after_av_section  el_before_av_one_fourth  avia-builder-el-first  first flex_column_div av-zero-column-padding  '     ><section  class='av_textblock_section av-kc6aiojv-4e419b95e02c36c995ed9de7cf92502f '   itemscope=\"itemscope\" itemtype=\"https:\/\/schema.org\/CreativeWork\" ><div class='avia_textblock'  itemprop=\"text\" ><p style=\"text-align: justify;\">Das Lidektropium ist eine Ausst\u00fclpung des freien Lidrandes, der dadurch den Kontakt zum Augapfel verliert. Es ist im Allgemeinen mit einer \u00fcberm\u00e4\u00dfigen Erschlaffung des Gewebes im Alter verbunden, nachdem sich die lateralen und\/oder medialen Sehnen entspannt haben. Meist ist das Unterlid betroffen. Ektropium kann auch als Folge einer Gesichtsl\u00e4hmung oder eines Traumas auftreten.<\/p>\n<h3><strong>Symptome<\/strong><\/h3>\n<p style=\"text-align: justify;\">Ein Ektropium erzeugt chronische Augenlid- und Augenreizungen, die rot und w\u00e4ssrig erscheinen.<\/p>\n<\/div><\/section><\/div>\n\n<style type=\"text\/css\" data-created_by=\"avia_inline_auto\" id=\"style-css-av-bgws6-56577495b047f09b7ef625b6ab032780\">\n.flex_column.av-bgws6-56577495b047f09b7ef625b6ab032780{\nborder-radius:0px 0px 0px 0px;\npadding:0px 0px 0px 0px;\n}\n<\/style>\n<div  class='flex_column av-bgws6-56577495b047f09b7ef625b6ab032780 av_one_fourth  avia-builder-el-4  el_after_av_one_full  el_before_av_three_fourth  first flex_column_div av-zero-column-padding  column-top-margin'     ><style type=\"text\/css\" data-created_by=\"avia_inline_auto\" id=\"style-css-av-kcymwr0t-785e94011d1db2454c63ecf62062662b\">\n.avia-image-container.av-kcymwr0t-785e94011d1db2454c63ecf62062662b img.avia_image{\nbox-shadow:none;\n}\n.avia-image-container.av-kcymwr0t-785e94011d1db2454c63ecf62062662b .av-caption-image-overlay-bg{\nopacity:0.4;\n}\n<\/style>\n<div  class='avia-image-container av-kcymwr0t-785e94011d1db2454c63ecf62062662b av-styling- avia-align-left  avia-builder-el-5  avia-builder-el-no-sibling  noHover av-overlay-hover-deactivate'   itemprop=\"image\" itemscope=\"itemscope\" itemtype=\"https:\/\/schema.org\/ImageObject\" ><div class=\"avia-image-container-inner\"><div class=\"avia-image-overlay-wrap\"><div class=\"av-image-caption-overlay\"><div class=\"av-caption-image-overlay-bg\"><\/div><div class=\"av-image-caption-overlay-position\"><div class=\"av-image-caption-overlay-center\"><\/div><\/div><\/div><img decoding=\"async\" fetchpriority=\"high\" class='wp-image-1952 avia-img-lazy-loading-not-1952 avia_image ' src=\"https:\/\/copp.lu\/wp-content\/uploads\/2020\/06\/Untitled-2.png\" alt='' title='Ectropion'  height=\"151\" width=\"148\"  itemprop=\"thumbnailUrl\" srcset=\"https:\/\/copp.lu\/wp-content\/uploads\/2020\/06\/Untitled-2.png 148w, https:\/\/copp.lu\/wp-content\/uploads\/2020\/06\/Untitled-2-36x36.png 36w\" sizes=\"(max-width: 148px) 100vw, 148px\" \/><\/div><\/div><\/div><\/div>\n\n<style type=\"text\/css\" data-created_by=\"avia_inline_auto\" id=\"style-css-av-bgws6-8b3e156c102b26db7536302134d737eb\">\n.flex_column.av-bgws6-8b3e156c102b26db7536302134d737eb{\nborder-radius:0px 0px 0px 0px;\npadding:0px 0px 0px 0px;\n}\n<\/style>\n<div  class='flex_column av-bgws6-8b3e156c102b26db7536302134d737eb av_three_fourth  avia-builder-el-6  el_after_av_one_fourth  el_before_av_one_full  flex_column_div av-zero-column-padding  column-top-margin'     ><section  class='av_textblock_section av-kc6aiojv-4e419b95e02c36c995ed9de7cf92502f '   itemscope=\"itemscope\" itemtype=\"https:\/\/schema.org\/CreativeWork\" ><div class='avia_textblock'  itemprop=\"text\" ><h3><strong>Behandlung<\/strong><\/h3>\n<p style=\"text-align: justify;\">Die ambulante Operation wird unter \u00f6rtlicher Bet\u00e4ubung durchgef\u00fchrt und besteht aus der Neupositionierung des freien Lidrandes gegen den Augapfel.<\/p>\n<p style=\"text-align: justify;\">In den ersten Tagen nach der Operation kann es zu einem gewissen Grad an Entz\u00fcndungen und Bluterg\u00fcssen kommen, die normalerweise nach 7 Tagen verschwinden.<\/p>\n<\/div><\/section><\/div>\n\n<style type=\"text\/css\" data-created_by=\"avia_inline_auto\" id=\"style-css-av-e8cvy-59e22b9305a9e97cb9d0318739528f4a\">\n.flex_column.av-e8cvy-59e22b9305a9e97cb9d0318739528f4a{\nborder-radius:0px 0px 0px 0px;\npadding:0px 0px 0px 0px;\n}\n<\/style>\n<div  class='flex_column av-e8cvy-59e22b9305a9e97cb9d0318739528f4a av_one_full  avia-builder-el-8  el_after_av_three_fourth  avia-builder-el-last  first flex_column_div av-zero-column-padding  column-top-margin'     ><div  class='avia-button-wrap avia-button-center  avia-builder-el-9  avia-builder-el-no-sibling '>\n<style type=\"text\/css\" data-created_by=\"avia_inline_auto\" id=\"style-css-av-kc3lpw37-0f906c7f52bb4110ee3ffd9ee668a59b\">\n#top #wrap_all .avia-button.av-kc3lpw37-0f906c7f52bb4110ee3ffd9ee668a59b:hover{\ncolor:white;\ntransition:all 0.4s ease-in-out;\n}\n#top #wrap_all .avia-button.av-kc3lpw37-0f906c7f52bb4110ee3ffd9ee668a59b:hover .avia-svg-icon svg:first-child{\nfill:white;\nstroke:white;\n}\n<\/style>\n<a href='https:\/\/copp.lu\/de\/termin-vereinbaren\/' class='avia-color-theme-color avia-font-color-theme-color avia-button avia-button-fullwidth av-kc3lpw37-0f906c7f52bb4110ee3ffd9ee668a59b avia-icon_select-yes-left-icon avia-color-theme-color'   aria-label=\"Termin vereinbaren\"><span class='avia_button_icon avia_button_icon_left avia-iconfont avia-font-entypo-fontello' data-av_icon='\ue85b' data-av_iconfont='entypo-fontello' ><\/span><span class='avia_iconbox_title' >Termin vereinbaren<\/span><div class='av-button-description av-button-description-below'><p>Lernen Sie unsere Augenspezialisten kennen<\/p>\n<\/div><span class='avia_button_background avia-button avia-button-fullwidth avia-color-theme-color-highlight'><\/span><\/a><\/div><\/div>\n","protected":false},"excerpt":{"rendered":"","protected":false},"author":5,"featured_media":0,"parent":2260,"menu_order":3,"comment_status":"closed","ping_status":"closed","template":"","meta":{"footnotes":""},"class_list":["post-2275","page","type-page","status-publish","hentry"],"yoast_head":"<!-- This site is optimized with the Yoast SEO plugin v27.3 - https:\/\/yoast.com\/product\/yoast-seo-wordpress\/ -->\n<title>Ektropium - Centre Ophtalmologique Place de Paris Luxembourg<\/title>\n<meta name=\"robots\" content=\"index, follow, max-snippet:-1, max-image-preview:large, max-video-preview:-1\" \/>\n<link rel=\"canonical\" href=\"https:\/\/copp.lu\/de\/augenlider-und-aesthetik\/ektropium\/\" \/>\n<meta property=\"og:locale\" content=\"de_DE\" \/>\n<meta property=\"og:type\" content=\"article\" \/>\n<meta property=\"og:title\" content=\"Ektropium - Centre Ophtalmologique Place de Paris Luxembourg\" \/>\n<meta property=\"og:url\" content=\"https:\/\/copp.lu\/de\/augenlider-und-aesthetik\/ektropium\/\" \/>\n<meta property=\"og:site_name\" content=\"Centre Ophtalmologique Place de Paris Luxembourg\" \/>\n<meta property=\"article:modified_time\" content=\"2022-03-25T16:10:01+00:00\" \/>\n<meta property=\"og:image\" content=\"https:\/\/copp.lu\/wp-content\/uploads\/2020\/07\/page-daccueilpaupieres-et-estetique-cover-scaled.jpg\" \/>\n<meta name=\"twitter:card\" content=\"summary_large_image\" \/>\n<meta name=\"twitter:image\" content=\"https:\/\/copp.lu\/wp-content\/uploads\/2020\/07\/page-daccueilpaupieres-et-estetique-cover-scaled.jpg\" \/>\n<meta name=\"twitter:label1\" content=\"Gesch\u00e4tzte Lesezeit\" \/>\n\t<meta name=\"twitter:data1\" content=\"2\u00a0Minuten\" \/>\n<script type=\"application\/ld+json\" class=\"yoast-schema-graph\">{\"@context\":\"https:\\\/\\\/schema.org\",\"@graph\":[{\"@type\":\"WebPage\",\"@id\":\"https:\\\/\\\/copp.lu\\\/de\\\/augenlider-und-aesthetik\\\/ektropium\\\/\",\"url\":\"https:\\\/\\\/copp.lu\\\/de\\\/augenlider-und-aesthetik\\\/ektropium\\\/\",\"name\":\"Ektropium - Centre Ophtalmologique Place de Paris Luxembourg\",\"isPartOf\":{\"@id\":\"https:\\\/\\\/copp.lu\\\/de\\\/#website\"},\"datePublished\":\"2022-03-10T19:20:32+00:00\",\"dateModified\":\"2022-03-25T16:10:01+00:00\",\"breadcrumb\":{\"@id\":\"https:\\\/\\\/copp.lu\\\/de\\\/augenlider-und-aesthetik\\\/ektropium\\\/#breadcrumb\"},\"inLanguage\":\"de\",\"potentialAction\":[{\"@type\":\"ReadAction\",\"target\":[\"https:\\\/\\\/copp.lu\\\/de\\\/augenlider-und-aesthetik\\\/ektropium\\\/\"]}]},{\"@type\":\"BreadcrumbList\",\"@id\":\"https:\\\/\\\/copp.lu\\\/de\\\/augenlider-und-aesthetik\\\/ektropium\\\/#breadcrumb\",\"itemListElement\":[{\"@type\":\"ListItem\",\"position\":1,\"name\":\"Home\",\"item\":\"https:\\\/\\\/copp.lu\\\/de\\\/\"},{\"@type\":\"ListItem\",\"position\":2,\"name\":\"Augenlider und \u00c4sthetik\",\"item\":\"https:\\\/\\\/copp.lu\\\/de\\\/augenlider-und-aesthetik\\\/\"},{\"@type\":\"ListItem\",\"position\":3,\"name\":\"Ektropium\"}]},{\"@type\":\"WebSite\",\"@id\":\"https:\\\/\\\/copp.lu\\\/de\\\/#website\",\"url\":\"https:\\\/\\\/copp.lu\\\/de\\\/\",\"name\":\"Centre Ophtalmologique Place de Paris Luxembourg\",\"description\":\"Ophtalmologie au Luxembourg\",\"publisher\":{\"@id\":\"https:\\\/\\\/copp.lu\\\/de\\\/#organization\"},\"potentialAction\":[{\"@type\":\"SearchAction\",\"target\":{\"@type\":\"EntryPoint\",\"urlTemplate\":\"https:\\\/\\\/copp.lu\\\/de\\\/?s={search_term_string}\"},\"query-input\":{\"@type\":\"PropertyValueSpecification\",\"valueRequired\":true,\"valueName\":\"search_term_string\"}}],\"inLanguage\":\"de\"},{\"@type\":\"Organization\",\"@id\":\"https:\\\/\\\/copp.lu\\\/de\\\/#organization\",\"name\":\"Centre Ophtalmologique Place de Paris au Luxembourg\",\"url\":\"https:\\\/\\\/copp.lu\\\/de\\\/\",\"logo\":{\"@type\":\"ImageObject\",\"inLanguage\":\"de\",\"@id\":\"https:\\\/\\\/copp.lu\\\/de\\\/#\\\/schema\\\/logo\\\/image\\\/\",\"url\":\"https:\\\/\\\/copp.lu\\\/wp-content\\\/uploads\\\/2020\\\/06\\\/logo_luxeyes_Taste_V6-01.png\",\"contentUrl\":\"https:\\\/\\\/copp.lu\\\/wp-content\\\/uploads\\\/2020\\\/06\\\/logo_luxeyes_Taste_V6-01.png\",\"width\":2544,\"height\":744,\"caption\":\"Centre Ophtalmologique Place de Paris au Luxembourg\"},\"image\":{\"@id\":\"https:\\\/\\\/copp.lu\\\/de\\\/#\\\/schema\\\/logo\\\/image\\\/\"}}]}<\/script>\n<!-- \/ Yoast SEO plugin. -->","yoast_head_json":{"title":"Ektropium - Centre Ophtalmologique Place de Paris Luxembourg","robots":{"index":"index","follow":"follow","max-snippet":"max-snippet:-1","max-image-preview":"max-image-preview:large","max-video-preview":"max-video-preview:-1"},"canonical":"https:\/\/copp.lu\/de\/augenlider-und-aesthetik\/ektropium\/","og_locale":"de_DE","og_type":"article","og_title":"Ektropium - Centre Ophtalmologique Place de Paris Luxembourg","og_url":"https:\/\/copp.lu\/de\/augenlider-und-aesthetik\/ektropium\/","og_site_name":"Centre Ophtalmologique Place de Paris Luxembourg","article_modified_time":"2022-03-25T16:10:01+00:00","og_image":[{"url":"https:\/\/copp.lu\/wp-content\/uploads\/2020\/07\/page-daccueilpaupieres-et-estetique-cover-scaled.jpg","type":"","width":"","height":""}],"twitter_card":"summary_large_image","twitter_image":"https:\/\/copp.lu\/wp-content\/uploads\/2020\/07\/page-daccueilpaupieres-et-estetique-cover-scaled.jpg","twitter_misc":{"Gesch\u00e4tzte Lesezeit":"2\u00a0Minuten"},"schema":{"@context":"https:\/\/schema.org","@graph":[{"@type":"WebPage","@id":"https:\/\/copp.lu\/de\/augenlider-und-aesthetik\/ektropium\/","url":"https:\/\/copp.lu\/de\/augenlider-und-aesthetik\/ektropium\/","name":"Ektropium - Centre Ophtalmologique Place de Paris Luxembourg","isPartOf":{"@id":"https:\/\/copp.lu\/de\/#website"},"datePublished":"2022-03-10T19:20:32+00:00","dateModified":"2022-03-25T16:10:01+00:00","breadcrumb":{"@id":"https:\/\/copp.lu\/de\/augenlider-und-aesthetik\/ektropium\/#breadcrumb"},"inLanguage":"de","potentialAction":[{"@type":"ReadAction","target":["https:\/\/copp.lu\/de\/augenlider-und-aesthetik\/ektropium\/"]}]},{"@type":"BreadcrumbList","@id":"https:\/\/copp.lu\/de\/augenlider-und-aesthetik\/ektropium\/#breadcrumb","itemListElement":[{"@type":"ListItem","position":1,"name":"Home","item":"https:\/\/copp.lu\/de\/"},{"@type":"ListItem","position":2,"name":"Augenlider und \u00c4sthetik","item":"https:\/\/copp.lu\/de\/augenlider-und-aesthetik\/"},{"@type":"ListItem","position":3,"name":"Ektropium"}]},{"@type":"WebSite","@id":"https:\/\/copp.lu\/de\/#website","url":"https:\/\/copp.lu\/de\/","name":"Centre Ophtalmologique Place de Paris Luxembourg","description":"Ophtalmologie au Luxembourg","publisher":{"@id":"https:\/\/copp.lu\/de\/#organization"},"potentialAction":[{"@type":"SearchAction","target":{"@type":"EntryPoint","urlTemplate":"https:\/\/copp.lu\/de\/?s={search_term_string}"},"query-input":{"@type":"PropertyValueSpecification","valueRequired":true,"valueName":"search_term_string"}}],"inLanguage":"de"},{"@type":"Organization","@id":"https:\/\/copp.lu\/de\/#organization","name":"Centre Ophtalmologique Place de Paris au Luxembourg","url":"https:\/\/copp.lu\/de\/","logo":{"@type":"ImageObject","inLanguage":"de","@id":"https:\/\/copp.lu\/de\/#\/schema\/logo\/image\/","url":"https:\/\/copp.lu\/wp-content\/uploads\/2020\/06\/logo_luxeyes_Taste_V6-01.png","contentUrl":"https:\/\/copp.lu\/wp-content\/uploads\/2020\/06\/logo_luxeyes_Taste_V6-01.png","width":2544,"height":744,"caption":"Centre Ophtalmologique Place de Paris au Luxembourg"},"image":{"@id":"https:\/\/copp.lu\/de\/#\/schema\/logo\/image\/"}}]}},"_links":{"self":[{"href":"https:\/\/copp.lu\/de\/wp-json\/wp\/v2\/pages\/2275","targetHints":{"allow":["GET"]}}],"collection":[{"href":"https:\/\/copp.lu\/de\/wp-json\/wp\/v2\/pages"}],"about":[{"href":"https:\/\/copp.lu\/de\/wp-json\/wp\/v2\/types\/page"}],"author":[{"embeddable":true,"href":"https:\/\/copp.lu\/de\/wp-json\/wp\/v2\/users\/5"}],"replies":[{"embeddable":true,"href":"https:\/\/copp.lu\/de\/wp-json\/wp\/v2\/comments?post=2275"}],"version-history":[{"count":0,"href":"https:\/\/copp.lu\/de\/wp-json\/wp\/v2\/pages\/2275\/revisions"}],"up":[{"embeddable":true,"href":"https:\/\/copp.lu\/de\/wp-json\/wp\/v2\/pages\/2260"}],"wp:attachment":[{"href":"https:\/\/copp.lu\/de\/wp-json\/wp\/v2\/media?parent=2275"}],"curies":[{"name":"wp","href":"https:\/\/api.w.org\/{rel}","templated":true}]}}