{"id":2272,"date":"2022-03-10T20:17:10","date_gmt":"2022-03-10T19:17:10","guid":{"rendered":"https:\/\/copp.lu\/?page_id=2272"},"modified":"2022-03-25T17:09:26","modified_gmt":"2022-03-25T16:09:26","slug":"entropium","status":"publish","type":"page","link":"https:\/\/copp.lu\/de\/augenlider-und-aesthetik\/entropium\/","title":{"rendered":"Entropium"},"content":{"rendered":"\n<style type=\"text\/css\" data-created_by=\"avia_inline_auto\" id=\"style-css-av-kcahkvhc-432b2690ed87a8a660fa2cbe2dfe4f7c\">\n.avia-section.av-kcahkvhc-432b2690ed87a8a660fa2cbe2dfe4f7c .av-parallax .av-parallax-inner{\nbackground-repeat:no-repeat;\nbackground-image:url(https:\/\/copp.lu\/wp-content\/uploads\/2020\/07\/page-daccueilpaupieres-et-estetique-1-1210x423.jpg);\nbackground-position:50% 100%;\nbackground-attachment:scroll;\n}\n.avia-section.av-kcahkvhc-432b2690ed87a8a660fa2cbe2dfe4f7c .av-section-color-overlay{\nopacity:0.7;\nbackground-color:#ffffff;\n}\n<\/style>\n<div id='av_section_1'  class='avia-section av-kcahkvhc-432b2690ed87a8a660fa2cbe2dfe4f7c main_color avia-section-default avia-no-border-styling  avia-builder-el-0  el_before_av_one_full  avia-builder-el-first  avia-full-stretch av-parallax-section avia-bg-style-parallax av-section-color-overlay-active container_wrap fullsize'  data-section-bg-repeat='stretch'><div class='av-parallax' data-avia-parallax-ratio='0.3' ><div class='av-parallax-inner main_color avia-full-stretch'><\/div><\/div><div class=\"av-section-color-overlay-wrap\"><div class=\"av-section-color-overlay\"><\/div><div class='container av-section-cont-open' ><main  role=\"main\" itemprop=\"mainContentOfPage\"  class='template-page content  av-content-full alpha units'><div class='post-entry post-entry-type-page post-entry-2272'><div class='entry-content-wrapper clearfix'>\n\n<style type=\"text\/css\" data-created_by=\"avia_inline_auto\" id=\"style-css-av-kcahfx0s-1fd8b72e450c461038999356ebc920bf\">\n#top .av_textblock_section.av-kcahfx0s-1fd8b72e450c461038999356ebc920bf .avia_textblock{\ncolor:#000000;\n}\n<\/style>\n<section  class='av_textblock_section av-kcahfx0s-1fd8b72e450c461038999356ebc920bf '   itemscope=\"itemscope\" itemtype=\"https:\/\/schema.org\/CreativeWork\" ><div class='avia_textblock av_inherit_color'  itemprop=\"text\" ><h3 style=\"text-align: center;\">Augenlid und \u00c4sthetik<\/h3>\n<h1 style=\"text-align: center;\">Einw\u00e4rtsgedrehtes Lid (Entropium)<\/h1>\n<p style=\"text-align: center;\"><span><span><a href=\"https:\/\/copp.lu\/de\/\">Home<\/a><\/span><\/span><\/p>\n<\/div><\/section>\n<\/div><\/div><\/main><!-- close content main element --><\/div><\/div><\/div><div id='after_section_1'  class='main_color av_default_container_wrap container_wrap fullsize'  ><div class='container av-section-cont-open' ><div class='template-page content  av-content-full alpha units'><div class='post-entry post-entry-type-page post-entry-2272'><div class='entry-content-wrapper clearfix'>\n\n<style type=\"text\/css\" data-created_by=\"avia_inline_auto\" id=\"style-css-av-bwasl-59aa49faae1a7caccceaa5692b9504fe\">\n.flex_column.av-bwasl-59aa49faae1a7caccceaa5692b9504fe{\nborder-radius:0px 0px 0px 0px;\npadding:0px 0px 0px 0px;\n}\n<\/style>\n<div  class='flex_column av-bwasl-59aa49faae1a7caccceaa5692b9504fe av_one_full  avia-builder-el-2  el_after_av_section  el_before_av_one_fourth  avia-builder-el-first  first flex_column_div av-zero-column-padding  '     ><section  class='av_textblock_section av-kc6ah8wz-5988d8469eb8050cd1a5af58778b334e '   itemscope=\"itemscope\" itemtype=\"https:\/\/schema.org\/CreativeWork\" ><div class='avia_textblock'  itemprop=\"text\" ><p>Ein Palpebrales Entropium ist ein Abrollen des freien Lidrandes, der am Augapfel anliegt, mit Reiben der Wimpern an der Bindehaut und\/oder der Hornhaut.<\/p>\n<p>Es betrifft normalerweise das untere Augenlid, kann aber auch am oberen Augenlid auftreten.<\/p>\n<p>Das Entropium wird nach seiner \u00c4tiologie klassifiziert: angeboren, narbig, spastisch, involutiv oder senil.<\/p>\n<h3><strong>Symptome<\/strong><\/h3>\n<p style=\"text-align: justify;\">Das Reiben der Wimpern an der Bindehaut und\/oder Hornhaut f\u00fchrt zu chronischen Augenreizungen mit Schmerzen und Tr\u00e4nenfluss. Dar\u00fcber hinaus kann die st\u00e4ndige Reibung der Wimpern auf der Hornhaut zu ernsthaften Problemen wie Erosionen oder Geschw\u00fcren f\u00fchren.<\/p>\n<\/div><\/section><\/div>\n<div class='flex_column_table av-bwasl-5e6da211699b77acfaa999fb5bc338ac sc-av_one_fourth av-equal-height-column-flextable'>\n<style type=\"text\/css\" data-created_by=\"avia_inline_auto\" id=\"style-css-av-bwasl-5e6da211699b77acfaa999fb5bc338ac\">\n.flex_column.av-bwasl-5e6da211699b77acfaa999fb5bc338ac{\nborder-radius:0px 0px 0px 0px;\npadding:0px 0px 0px 0px;\n}\n<\/style>\n<div  class='flex_column av-bwasl-5e6da211699b77acfaa999fb5bc338ac av_one_fourth  avia-builder-el-4  el_after_av_one_full  el_before_av_three_fourth  first flex_column_table_cell av-equal-height-column av-align-middle av-zero-column-padding  column-top-margin'     ><style type=\"text\/css\" data-created_by=\"avia_inline_auto\" id=\"style-css-av-kcvqf6d4-3af2934b40856aabedc0143943fb75a4\">\n.avia-image-container.av-kcvqf6d4-3af2934b40856aabedc0143943fb75a4 img.avia_image{\nbox-shadow:none;\n}\n.avia-image-container.av-kcvqf6d4-3af2934b40856aabedc0143943fb75a4 .av-image-caption-overlay-center{\ncolor:#ffffff;\n}\n<\/style>\n<div  class='avia-image-container av-kcvqf6d4-3af2934b40856aabedc0143943fb75a4 av-styling- avia-align-center  avia-builder-el-5  avia-builder-el-no-sibling '   itemprop=\"image\" itemscope=\"itemscope\" itemtype=\"https:\/\/schema.org\/ImageObject\" ><div class=\"avia-image-container-inner\"><div class=\"avia-image-overlay-wrap\"><img decoding=\"async\" fetchpriority=\"high\" class='wp-image-1951 avia-img-lazy-loading-not-1951 avia_image ' src=\"https:\/\/copp.lu\/wp-content\/uploads\/2020\/06\/Untitled-1.png\" alt='' title='Entropion'  height=\"145\" width=\"185\"  itemprop=\"thumbnailUrl\"  \/><\/div><\/div><\/div><\/div>\n<div class='av-flex-placeholder'><\/div>\n<style type=\"text\/css\" data-created_by=\"avia_inline_auto\" id=\"style-css-av-bwasl-35fe73292fc7907c7097b9b8e62f3ffb\">\n.flex_column.av-bwasl-35fe73292fc7907c7097b9b8e62f3ffb{\nborder-radius:0px 0px 0px 0px;\npadding:0px 0px 0px 0px;\n}\n<\/style>\n<div  class='flex_column av-bwasl-35fe73292fc7907c7097b9b8e62f3ffb av_three_fourth  avia-builder-el-6  el_after_av_one_fourth  el_before_av_one_full  flex_column_table_cell av-equal-height-column av-align-middle av-zero-column-padding  column-top-margin'     ><section  class='av_textblock_section av-kc6ah8wz-5988d8469eb8050cd1a5af58778b334e '   itemscope=\"itemscope\" itemtype=\"https:\/\/schema.org\/CreativeWork\" ><div class='avia_textblock'  itemprop=\"text\" ><h3><strong>Behandlung<\/strong><\/h3>\n<p style=\"text-align: justify;\">Die ambulante Operation wird unter \u00f6rtlicher Bet\u00e4ubung durchgef\u00fchrt und besteht aus der Neupositionierung des freien Lidrandes gegen den Augapfel.<\/p>\n<p style=\"text-align: justify;\">In den ersten Tagen nach der Operation kann es zu einem gewissen Grad an Entz\u00fcndungen und Bluterg\u00fcssen kommen, die normalerweise nach 7 Tagen verschwinden.<\/p>\n<\/div><\/section><\/div><\/div><!--close column table wrapper. Autoclose: 1 -->\n\n<style type=\"text\/css\" data-created_by=\"avia_inline_auto\" id=\"style-css-av-e8cvy-59e22b9305a9e97cb9d0318739528f4a\">\n.flex_column.av-e8cvy-59e22b9305a9e97cb9d0318739528f4a{\nborder-radius:0px 0px 0px 0px;\npadding:0px 0px 0px 0px;\n}\n<\/style>\n<div  class='flex_column av-e8cvy-59e22b9305a9e97cb9d0318739528f4a av_one_full  avia-builder-el-8  el_after_av_three_fourth  avia-builder-el-last  first flex_column_div av-zero-column-padding  column-top-margin'     ><div  class='avia-button-wrap avia-button-center  avia-builder-el-9  avia-builder-el-no-sibling '>\n<style type=\"text\/css\" data-created_by=\"avia_inline_auto\" id=\"style-css-av-kc3lpw37-0f906c7f52bb4110ee3ffd9ee668a59b\">\n#top #wrap_all .avia-button.av-kc3lpw37-0f906c7f52bb4110ee3ffd9ee668a59b:hover{\ncolor:white;\ntransition:all 0.4s ease-in-out;\n}\n#top #wrap_all .avia-button.av-kc3lpw37-0f906c7f52bb4110ee3ffd9ee668a59b:hover .avia-svg-icon svg:first-child{\nfill:white;\nstroke:white;\n}\n<\/style>\n<a href='https:\/\/copp.lu\/de\/termin-vereinbaren\/' class='avia-color-theme-color avia-font-color-theme-color avia-button avia-button-fullwidth av-kc3lpw37-0f906c7f52bb4110ee3ffd9ee668a59b avia-icon_select-yes-left-icon avia-color-theme-color'   aria-label=\"Termin vereinbaren\"><span class='avia_button_icon avia_button_icon_left avia-iconfont avia-font-entypo-fontello' data-av_icon='\ue85b' data-av_iconfont='entypo-fontello' ><\/span><span class='avia_iconbox_title' >Termin vereinbaren<\/span><div class='av-button-description av-button-description-below'><p>Lernen Sie unsere Augenexperten kennen<\/p>\n<\/div><span class='avia_button_background avia-button avia-button-fullwidth avia-color-theme-color-highlight'><\/span><\/a><\/div><\/div>\n","protected":false},"excerpt":{"rendered":"","protected":false},"author":5,"featured_media":0,"parent":2260,"menu_order":2,"comment_status":"closed","ping_status":"closed","template":"","meta":{"footnotes":""},"class_list":["post-2272","page","type-page","status-publish","hentry"],"yoast_head":"<!-- This site is optimized with the Yoast SEO plugin v27.3 - https:\/\/yoast.com\/product\/yoast-seo-wordpress\/ -->\n<title>Entropium - Centre Ophtalmologique Place de Paris Luxembourg<\/title>\n<meta name=\"robots\" content=\"index, follow, max-snippet:-1, max-image-preview:large, max-video-preview:-1\" \/>\n<link rel=\"canonical\" href=\"https:\/\/copp.lu\/de\/augenlider-und-aesthetik\/entropium\/\" \/>\n<meta property=\"og:locale\" content=\"de_DE\" \/>\n<meta property=\"og:type\" content=\"article\" \/>\n<meta property=\"og:title\" content=\"Entropium - Centre Ophtalmologique Place de Paris Luxembourg\" \/>\n<meta property=\"og:url\" content=\"https:\/\/copp.lu\/de\/augenlider-und-aesthetik\/entropium\/\" \/>\n<meta property=\"og:site_name\" content=\"Centre Ophtalmologique Place de Paris Luxembourg\" \/>\n<meta property=\"article:modified_time\" content=\"2022-03-25T16:09:26+00:00\" \/>\n<meta property=\"og:image\" content=\"https:\/\/copp.lu\/wp-content\/uploads\/2020\/07\/page-daccueilpaupieres-et-estetique-cover-scaled.jpg\" \/>\n<meta name=\"twitter:card\" content=\"summary_large_image\" \/>\n<meta name=\"twitter:image\" content=\"https:\/\/copp.lu\/wp-content\/uploads\/2020\/07\/page-daccueilpaupieres-et-estetique-cover-scaled.jpg\" \/>\n<meta name=\"twitter:label1\" content=\"Gesch\u00e4tzte Lesezeit\" \/>\n\t<meta name=\"twitter:data1\" content=\"2\u00a0Minuten\" \/>\n<script type=\"application\/ld+json\" class=\"yoast-schema-graph\">{\"@context\":\"https:\\\/\\\/schema.org\",\"@graph\":[{\"@type\":\"WebPage\",\"@id\":\"https:\\\/\\\/copp.lu\\\/de\\\/augenlider-und-aesthetik\\\/entropium\\\/\",\"url\":\"https:\\\/\\\/copp.lu\\\/de\\\/augenlider-und-aesthetik\\\/entropium\\\/\",\"name\":\"Entropium - Centre Ophtalmologique Place de Paris Luxembourg\",\"isPartOf\":{\"@id\":\"https:\\\/\\\/copp.lu\\\/de\\\/#website\"},\"datePublished\":\"2022-03-10T19:17:10+00:00\",\"dateModified\":\"2022-03-25T16:09:26+00:00\",\"breadcrumb\":{\"@id\":\"https:\\\/\\\/copp.lu\\\/de\\\/augenlider-und-aesthetik\\\/entropium\\\/#breadcrumb\"},\"inLanguage\":\"de\",\"potentialAction\":[{\"@type\":\"ReadAction\",\"target\":[\"https:\\\/\\\/copp.lu\\\/de\\\/augenlider-und-aesthetik\\\/entropium\\\/\"]}]},{\"@type\":\"BreadcrumbList\",\"@id\":\"https:\\\/\\\/copp.lu\\\/de\\\/augenlider-und-aesthetik\\\/entropium\\\/#breadcrumb\",\"itemListElement\":[{\"@type\":\"ListItem\",\"position\":1,\"name\":\"Home\",\"item\":\"https:\\\/\\\/copp.lu\\\/de\\\/\"},{\"@type\":\"ListItem\",\"position\":2,\"name\":\"Augenlider und \u00c4sthetik\",\"item\":\"https:\\\/\\\/copp.lu\\\/de\\\/augenlider-und-aesthetik\\\/\"},{\"@type\":\"ListItem\",\"position\":3,\"name\":\"Entropium\"}]},{\"@type\":\"WebSite\",\"@id\":\"https:\\\/\\\/copp.lu\\\/de\\\/#website\",\"url\":\"https:\\\/\\\/copp.lu\\\/de\\\/\",\"name\":\"Centre Ophtalmologique Place de Paris Luxembourg\",\"description\":\"Ophtalmologie au Luxembourg\",\"publisher\":{\"@id\":\"https:\\\/\\\/copp.lu\\\/de\\\/#organization\"},\"potentialAction\":[{\"@type\":\"SearchAction\",\"target\":{\"@type\":\"EntryPoint\",\"urlTemplate\":\"https:\\\/\\\/copp.lu\\\/de\\\/?s={search_term_string}\"},\"query-input\":{\"@type\":\"PropertyValueSpecification\",\"valueRequired\":true,\"valueName\":\"search_term_string\"}}],\"inLanguage\":\"de\"},{\"@type\":\"Organization\",\"@id\":\"https:\\\/\\\/copp.lu\\\/de\\\/#organization\",\"name\":\"Centre Ophtalmologique Place de Paris au Luxembourg\",\"url\":\"https:\\\/\\\/copp.lu\\\/de\\\/\",\"logo\":{\"@type\":\"ImageObject\",\"inLanguage\":\"de\",\"@id\":\"https:\\\/\\\/copp.lu\\\/de\\\/#\\\/schema\\\/logo\\\/image\\\/\",\"url\":\"https:\\\/\\\/copp.lu\\\/wp-content\\\/uploads\\\/2020\\\/06\\\/logo_luxeyes_Taste_V6-01.png\",\"contentUrl\":\"https:\\\/\\\/copp.lu\\\/wp-content\\\/uploads\\\/2020\\\/06\\\/logo_luxeyes_Taste_V6-01.png\",\"width\":2544,\"height\":744,\"caption\":\"Centre Ophtalmologique Place de Paris au Luxembourg\"},\"image\":{\"@id\":\"https:\\\/\\\/copp.lu\\\/de\\\/#\\\/schema\\\/logo\\\/image\\\/\"}}]}<\/script>\n<!-- \/ Yoast SEO plugin. -->","yoast_head_json":{"title":"Entropium - Centre Ophtalmologique Place de Paris Luxembourg","robots":{"index":"index","follow":"follow","max-snippet":"max-snippet:-1","max-image-preview":"max-image-preview:large","max-video-preview":"max-video-preview:-1"},"canonical":"https:\/\/copp.lu\/de\/augenlider-und-aesthetik\/entropium\/","og_locale":"de_DE","og_type":"article","og_title":"Entropium - Centre Ophtalmologique Place de Paris Luxembourg","og_url":"https:\/\/copp.lu\/de\/augenlider-und-aesthetik\/entropium\/","og_site_name":"Centre Ophtalmologique Place de Paris Luxembourg","article_modified_time":"2022-03-25T16:09:26+00:00","og_image":[{"url":"https:\/\/copp.lu\/wp-content\/uploads\/2020\/07\/page-daccueilpaupieres-et-estetique-cover-scaled.jpg","type":"","width":"","height":""}],"twitter_card":"summary_large_image","twitter_image":"https:\/\/copp.lu\/wp-content\/uploads\/2020\/07\/page-daccueilpaupieres-et-estetique-cover-scaled.jpg","twitter_misc":{"Gesch\u00e4tzte Lesezeit":"2\u00a0Minuten"},"schema":{"@context":"https:\/\/schema.org","@graph":[{"@type":"WebPage","@id":"https:\/\/copp.lu\/de\/augenlider-und-aesthetik\/entropium\/","url":"https:\/\/copp.lu\/de\/augenlider-und-aesthetik\/entropium\/","name":"Entropium - Centre Ophtalmologique Place de Paris Luxembourg","isPartOf":{"@id":"https:\/\/copp.lu\/de\/#website"},"datePublished":"2022-03-10T19:17:10+00:00","dateModified":"2022-03-25T16:09:26+00:00","breadcrumb":{"@id":"https:\/\/copp.lu\/de\/augenlider-und-aesthetik\/entropium\/#breadcrumb"},"inLanguage":"de","potentialAction":[{"@type":"ReadAction","target":["https:\/\/copp.lu\/de\/augenlider-und-aesthetik\/entropium\/"]}]},{"@type":"BreadcrumbList","@id":"https:\/\/copp.lu\/de\/augenlider-und-aesthetik\/entropium\/#breadcrumb","itemListElement":[{"@type":"ListItem","position":1,"name":"Home","item":"https:\/\/copp.lu\/de\/"},{"@type":"ListItem","position":2,"name":"Augenlider und \u00c4sthetik","item":"https:\/\/copp.lu\/de\/augenlider-und-aesthetik\/"},{"@type":"ListItem","position":3,"name":"Entropium"}]},{"@type":"WebSite","@id":"https:\/\/copp.lu\/de\/#website","url":"https:\/\/copp.lu\/de\/","name":"Centre Ophtalmologique Place de Paris Luxembourg","description":"Ophtalmologie au Luxembourg","publisher":{"@id":"https:\/\/copp.lu\/de\/#organization"},"potentialAction":[{"@type":"SearchAction","target":{"@type":"EntryPoint","urlTemplate":"https:\/\/copp.lu\/de\/?s={search_term_string}"},"query-input":{"@type":"PropertyValueSpecification","valueRequired":true,"valueName":"search_term_string"}}],"inLanguage":"de"},{"@type":"Organization","@id":"https:\/\/copp.lu\/de\/#organization","name":"Centre Ophtalmologique Place de Paris au Luxembourg","url":"https:\/\/copp.lu\/de\/","logo":{"@type":"ImageObject","inLanguage":"de","@id":"https:\/\/copp.lu\/de\/#\/schema\/logo\/image\/","url":"https:\/\/copp.lu\/wp-content\/uploads\/2020\/06\/logo_luxeyes_Taste_V6-01.png","contentUrl":"https:\/\/copp.lu\/wp-content\/uploads\/2020\/06\/logo_luxeyes_Taste_V6-01.png","width":2544,"height":744,"caption":"Centre Ophtalmologique Place de Paris au Luxembourg"},"image":{"@id":"https:\/\/copp.lu\/de\/#\/schema\/logo\/image\/"}}]}},"_links":{"self":[{"href":"https:\/\/copp.lu\/de\/wp-json\/wp\/v2\/pages\/2272","targetHints":{"allow":["GET"]}}],"collection":[{"href":"https:\/\/copp.lu\/de\/wp-json\/wp\/v2\/pages"}],"about":[{"href":"https:\/\/copp.lu\/de\/wp-json\/wp\/v2\/types\/page"}],"author":[{"embeddable":true,"href":"https:\/\/copp.lu\/de\/wp-json\/wp\/v2\/users\/5"}],"replies":[{"embeddable":true,"href":"https:\/\/copp.lu\/de\/wp-json\/wp\/v2\/comments?post=2272"}],"version-history":[{"count":0,"href":"https:\/\/copp.lu\/de\/wp-json\/wp\/v2\/pages\/2272\/revisions"}],"up":[{"embeddable":true,"href":"https:\/\/copp.lu\/de\/wp-json\/wp\/v2\/pages\/2260"}],"wp:attachment":[{"href":"https:\/\/copp.lu\/de\/wp-json\/wp\/v2\/media?parent=2272"}],"curies":[{"name":"wp","href":"https:\/\/api.w.org\/{rel}","templated":true}]}}