{"id":2157,"date":"2022-03-07T18:24:43","date_gmt":"2022-03-07T17:24:43","guid":{"rendered":"https:\/\/copp.lu\/?page_id=2157"},"modified":"2023-06-09T16:12:28","modified_gmt":"2023-06-09T14:12:28","slug":"verfahren","status":"publish","type":"page","link":"https:\/\/copp.lu\/de\/operation-des-grauen-stars\/verfahren\/","title":{"rendered":"Verfahren"},"content":{"rendered":"\n<style type=\"text\/css\" data-created_by=\"avia_inline_auto\" id=\"style-css-av-av_section-b4b12add02a3950436e41b256bd93dd4\">\n.avia-section.av-av_section-b4b12add02a3950436e41b256bd93dd4 .av-parallax .av-parallax-inner{\nbackground-repeat:no-repeat;\nbackground-image:url(https:\/\/copp.lu\/wp-content\/uploads\/2023\/05\/Fond-Ophtalmo-Luxembourg-Paris-4.jpg);\nbackground-position:50% 0%;\nbackground-attachment:scroll;\n}\n<\/style>\n<div id='av_section_1'  class='avia-section av-av_section-b4b12add02a3950436e41b256bd93dd4 main_color avia-section-default avia-no-border-styling  avia-builder-el-0  el_before_av_one_full  avia-builder-el-first  avia-full-stretch av-parallax-section avia-bg-style-parallax container_wrap fullsize'  data-section-bg-repeat='stretch'><div class='av-parallax' data-avia-parallax-ratio='0.3' ><div class='av-parallax-inner main_color avia-full-stretch'><\/div><\/div><div class='container av-section-cont-open' ><main  role=\"main\" itemprop=\"mainContentOfPage\"  class='template-page content  av-content-full alpha units'><div class='post-entry post-entry-type-page post-entry-2157'><div class='entry-content-wrapper clearfix'>\n\n<style type=\"text\/css\" data-created_by=\"avia_inline_auto\" id=\"style-css-av-av_one_half-aebd63eaa8fe8b2de3c8901cc47a8931\">\n.flex_column.av-av_one_half-aebd63eaa8fe8b2de3c8901cc47a8931{\nborder-radius:10px 10px 10px 10px;\npadding:30px 30px 30px 30px;\nbackground-color:rgba(0,75,112,0.88);\n}\n<\/style>\n<div  class='flex_column av-av_one_half-aebd63eaa8fe8b2de3c8901cc47a8931 av_one_half  avia-builder-el-1  el_before_av_one_half  avia-builder-el-first  first flex_column_div  '     ><p>\n<style type=\"text\/css\" data-created_by=\"avia_inline_auto\" id=\"style-css-av-av_font_icon-f1a2aa7c9fcde85dc1e647809697f65d\">\n.av_font_icon.av-av_font_icon-f1a2aa7c9fcde85dc1e647809697f65d{\ncolor:#ffffff;\nborder-color:#ffffff;\n}\n.avia-svg-icon.av-av_font_icon-f1a2aa7c9fcde85dc1e647809697f65d svg:first-child{\nstroke:#ffffff;\nfill:#ffffff;\n}\n.av_font_icon.av-av_font_icon-f1a2aa7c9fcde85dc1e647809697f65d .av-icon-char{\nfont-size:40px;\nline-height:40px;\n}\n<\/style>\n<span  class='av_font_icon av-av_font_icon-f1a2aa7c9fcde85dc1e647809697f65d avia_animate_when_visible av-icon-style- avia-icon-pos-center avia-iconfont avia-font-fontello avia-icon-animate'><span class='av-icon-char' data-av_icon='\ue86d' data-av_iconfont='fontello' aria-hidden=\"true\" ><\/span><\/span><br \/>\n\n<style type=\"text\/css\" data-created_by=\"avia_inline_auto\" id=\"style-css-av-av_hr-af89a52d51412774536fa272e468f7cd\">\n#top .hr.hr-invisible.av-av_hr-af89a52d51412774536fa272e468f7cd{\nheight:30px;\n}\n<\/style>\n<div  class='hr av-av_hr-af89a52d51412774536fa272e468f7cd hr-invisible  avia-builder-el-3  el_after_av_font_icon  el_before_av_textblock '><span class='hr-inner '><span class=\"hr-inner-style\"><\/span><\/span><\/div><br \/>\n\n<style type=\"text\/css\" data-created_by=\"avia_inline_auto\" id=\"style-css-av-lilko7z2-b884af68e0037cacfba055acdd0f405b\">\n#top .av_textblock_section.av-lilko7z2-b884af68e0037cacfba055acdd0f405b .avia_textblock{\ncolor:#ffffff;\n}\n<\/style>\n<section  class='av_textblock_section av-lilko7z2-b884af68e0037cacfba055acdd0f405b '   itemscope=\"itemscope\" itemtype=\"https:\/\/schema.org\/CreativeWork\" ><div class='avia_textblock av_inherit_color'  itemprop=\"text\" ><h3 style=\"text-align: center;\">Katarakt und Femto-Katarakt<\/h3>\n<h1 style=\"text-align: center; font-size: 30px;\"><span style=\"text-align: center; text-transform: none;\"> Verfahren <\/span><\/h1>\n<p style=\"text-align: center;\"><span><span><a href=\"https:\/\/copp.lu\/de\/\">Home<\/a><\/span><\/span><\/p>\n<\/div><\/section><\/p><\/div><div  class='flex_column av-av_one_half-f1c518e9ff58e869f80c8f093487abc9 av_one_half  avia-builder-el-5  el_after_av_one_half  avia-builder-el-last  flex_column_div  '     ><\/div><\/div><\/div><\/main><!-- close content main element --><\/div><\/div><div id='after_section_1'  class='main_color av_default_container_wrap container_wrap fullsize'  ><div class='container av-section-cont-open' ><div class='template-page content  av-content-full alpha units'><div class='post-entry post-entry-type-page post-entry-2157'><div class='entry-content-wrapper clearfix'>\n<style type=\"text\/css\" data-created_by=\"avia_inline_auto\" id=\"style-css-av-av_one_full-79ff81c021393065cee878051452f6a6\">\n.flex_column.av-av_one_full-79ff81c021393065cee878051452f6a6{\nborder-radius:0px 0px 0px 0px;\npadding:0px 0px 0px 0px;\n}\n<\/style>\n<div  class='flex_column av-av_one_full-79ff81c021393065cee878051452f6a6 av_one_full  avia-builder-el-6  el_after_av_section  el_before_av_one_third  avia-builder-el-first  first flex_column_div av-zero-column-padding  '     ><section  class='av_textblock_section av-lilkout5-7cfa4593a1c3886bae2feb8b53eb1578 '   itemscope=\"itemscope\" itemtype=\"https:\/\/schema.org\/CreativeWork\" ><div class='avia_textblock'  itemprop=\"text\" ><p style=\"text-align: justify;\">Die einzig m\u00f6gliche Behandlung des grauen Stars ist eine Operation. Heutzutage ist die Phakoemulsifikation das Standardverfahren, das zur Anwendung kommt.<br \/>\nDer Eingriff wird unter \u00f6rtlicher Bet\u00e4ubung durch das Eintr\u00e4ufeln bet\u00e4ubender Augentropfen (topische An\u00e4sthesie) oder, viel seltener, durch eine Injektion um das Auge herum (peribulb\u00e4re An\u00e4sthesie) durchgef\u00fchrt. Der Eingriff dauert zwischen 15 und 20 Minuten.<\/p>\n<p>Das Auge wird durch einen winzigen Einschnitt in der Hornhaut ge\u00f6ffnet, der spurlos verheilt, und dann wird die d\u00fcnne Membran vor der Linse sorgf\u00e4ltig entfernt (Linsenkapsel). Die Linse kann dann mit Ultraschall zerkleinert und anschlie\u00dfend abgesaugt werden. Danach wird eine k\u00fcnstliche Linse (intraokulares Implantat), deren St\u00e4rke vor der Operation berechnet wird, in das Auge eingesetzt.<\/p>\n<\/div><\/section><\/div>\n<style type=\"text\/css\" data-created_by=\"avia_inline_auto\" id=\"style-css-av-av_one_third-79ff81c021393065cee878051452f6a6\">\n.flex_column.av-av_one_third-79ff81c021393065cee878051452f6a6{\nborder-radius:0px 0px 0px 0px;\npadding:0px 0px 0px 0px;\n}\n<\/style>\n<div  class='flex_column av-av_one_third-79ff81c021393065cee878051452f6a6 av_one_third  avia-builder-el-8  el_after_av_one_full  el_before_av_two_third  first flex_column_div av-zero-column-padding  column-top-margin'     ><style type=\"text\/css\" data-created_by=\"avia_inline_auto\" id=\"style-css-av-av_image-9360e35c51ebff8b305d1a20a7c9d2b1\">\n.avia-image-container.av-av_image-9360e35c51ebff8b305d1a20a7c9d2b1 img.avia_image{\nbox-shadow:none;\n}\n.avia-image-container.av-av_image-9360e35c51ebff8b305d1a20a7c9d2b1 .av-caption-image-overlay-bg{\nopacity:0.4;\n}\n<\/style>\n<div  class='avia-image-container av-av_image-9360e35c51ebff8b305d1a20a7c9d2b1 av-styling- avia-align-center  avia-builder-el-9  avia-builder-el-no-sibling  noHover av-overlay-hover-deactivate'   itemprop=\"image\" itemscope=\"itemscope\" itemtype=\"https:\/\/schema.org\/ImageObject\" ><div class=\"avia-image-container-inner\"><div class=\"avia-image-overlay-wrap\"><div class=\"av-image-caption-overlay\"><div class=\"av-caption-image-overlay-bg\"><\/div><div class=\"av-image-caption-overlay-position\"><div class=\"av-image-caption-overlay-center\"><\/div><\/div><\/div><img decoding=\"async\" fetchpriority=\"high\" class='wp-image-3041 avia-img-lazy-loading-not-3041 avia_image ' src=\"https:\/\/copp.lu\/wp-content\/uploads\/2023\/05\/Medecin-Ophtalmologue-Cataracte.jpg\" alt='' title='Medecin-Ophtalmologue-Cataracte'  height=\"450\" width=\"600\"  itemprop=\"thumbnailUrl\" srcset=\"https:\/\/copp.lu\/wp-content\/uploads\/2023\/05\/Medecin-Ophtalmologue-Cataracte.jpg 600w, https:\/\/copp.lu\/wp-content\/uploads\/2023\/05\/Medecin-Ophtalmologue-Cataracte-300x225.jpg 300w\" sizes=\"(max-width: 600px) 100vw, 600px\" \/><\/div><\/div><\/div><\/div><\/p>\n\n<style type=\"text\/css\" data-created_by=\"avia_inline_auto\" id=\"style-css-av-av_two_third-49f6e875884219cf77c24341e550af53\">\n.flex_column.av-av_two_third-49f6e875884219cf77c24341e550af53{\nborder-radius:0px 0px 0px 0px;\npadding:0px 0px 0px 0px;\n}\n<\/style>\n<div  class='flex_column av-av_two_third-49f6e875884219cf77c24341e550af53 av_two_third  avia-builder-el-10  el_after_av_one_third  el_before_av_section  avia-builder-el-last  flex_column_div av-zero-column-padding  column-top-margin'     ><section  class='av_textblock_section av-lilkpjy2-b2ce41cd03bee6d0cc4df121f98d71dc '   itemscope=\"itemscope\" itemtype=\"https:\/\/schema.org\/CreativeWork\" ><div class='avia_textblock'  itemprop=\"text\" ><p style=\"text-align: justify;\">Sie kann das ganze Leben lang im Auge bleiben und entweder monofokal oder multifokal sein. Da eine monofokale Linse nur einen Brennpunkt hat, muss der Patient auch nach der Operation noch eine Brille tragen. Eine Multifokallinse hingegen hat mehrere Brennpunkte und erm\u00f6glicht eine scharfe Sicht in verschiedenen Entfernungen und damit ein Leben ohne Brille.<\/p>\n<p>Heutzutage haben Patienten die Option, sich f\u00fcr eine Femto-Laser LenSx\u00ae (Femto-Cataract) unterst\u00fctzte Operation zu entscheiden, um durch eine klingenlose Implantation noch mehr Pr\u00e4zision zu erreichen.<\/p>\n<\/div><\/section><\/div><\/div><\/div><\/div><!-- close content main div --><\/div><\/div><div id='av_section_2'  class='avia-section av-av_section-333476ff014a1d45d26752a438e67a00 main_color avia-section-default avia-no-border-styling  avia-builder-el-12  el_after_av_two_third  el_before_av_section  av-small-hide av-mini-hide avia-bg-style-scroll container_wrap fullsize'  ><div class='container av-section-cont-open' ><div class='template-page content  av-content-full alpha units'><div class='post-entry post-entry-type-page post-entry-2157'><div class='entry-content-wrapper clearfix'>\n\n<style type=\"text\/css\" data-created_by=\"avia_inline_auto\" id=\"style-css-av-av_one_full-dad4e3b8e756b67fa5639e49435dab0f\">\n.flex_column.av-av_one_full-dad4e3b8e756b67fa5639e49435dab0f{\npadding:50px 50px 50px 50px;\nbackground:url(https:\/\/copp.lu\/wp-content\/uploads\/2023\/05\/Fond-Ophtalmo-Luxembourg-Paris.jpg) 100% 100% no-repeat scroll ;\n}\n<\/style>\n<div  class='flex_column av-av_one_full-dad4e3b8e756b67fa5639e49435dab0f av_one_full  avia-builder-el-13  avia-builder-el-no-sibling  first flex_column_div avia-full-stretch  '     ><p><div  class='avia-button-wrap av-av_button-513bed19b868dec590f3a32cfe26a210-wrap avia-button-left  avia-builder-el-14  el_before_av_textblock  avia-builder-el-first '>\n<style type=\"text\/css\" data-created_by=\"avia_inline_auto\" id=\"style-css-av-av_button-513bed19b868dec590f3a32cfe26a210\">\n#top #wrap_all .avia-button.av-av_button-513bed19b868dec590f3a32cfe26a210{\nbackground-color:#004b70;\nborder-color:#004b70;\ncolor:#ffffff;\ntransition:all 0.4s ease-in-out;\n}\n#top #wrap_all .avia-button.av-av_button-513bed19b868dec590f3a32cfe26a210 .avia-svg-icon svg:first-child{\nfill:#ffffff;\nstroke:#ffffff;\n}\n<\/style>\n<a href='https:\/\/copp.lu\/de\/kontakt\/'  class='avia-button av-av_button-513bed19b868dec590f3a32cfe26a210 av-link-btn avia-icon_select-yes-left-icon avia-size-x-large avia-position-left'   aria-label=\"Vereinbaren Sie online einen Termin, indem Sie hier klicken\"><span class='avia_button_icon avia_button_icon_left avia-iconfont avia-font-fontello' data-av_icon='\ue836' data-av_iconfont='fontello' ><\/span><span class='avia_iconbox_title' >Vereinbaren Sie online einen Termin, indem Sie hier klicken<\/span><\/a><\/div><br \/>\n\n<style type=\"text\/css\" data-created_by=\"avia_inline_auto\" id=\"style-css-av-av_textblock-f702eadfebd2bd910ca74f8747a3761b\">\n#top .av_textblock_section.av-av_textblock-f702eadfebd2bd910ca74f8747a3761b .avia_textblock{\nfont-size:25px;\ncolor:#000000;\n}\n<\/style>\n<section  class='av_textblock_section av-av_textblock-f702eadfebd2bd910ca74f8747a3761b '   itemscope=\"itemscope\" itemtype=\"https:\/\/schema.org\/CreativeWork\" ><div class='avia_textblock av_inherit_color'  itemprop=\"text\" ><p>Wir k\u00fcmmern uns um alle Augenkrankheiten,<br \/>\nVon der Erstdiagnose bis zur regelm\u00e4\u00dfigen Nachsorge.<\/p>\n<\/div><\/section><\/p><\/div>\n<\/p>\n<\/div><\/div><\/div><!-- close content main div --><\/div><\/div><div id='av_section_3'  class='avia-section av-av_section-b43daffb5f973055ff362f70feec2c9f main_color avia-section-default avia-no-border-styling  avia-builder-el-16  el_after_av_section  avia-builder-el-last  av-desktop-hide av-medium-hide avia-bg-style-scroll container_wrap fullsize'  ><div class='container av-section-cont-open' ><div class='template-page content  av-content-full alpha units'><div class='post-entry post-entry-type-page post-entry-2157'><div class='entry-content-wrapper clearfix'>\n\n<style type=\"text\/css\" data-created_by=\"avia_inline_auto\" id=\"style-css-av-av_one_full-dad4e3b8e756b67fa5639e49435dab0f\">\n.flex_column.av-av_one_full-dad4e3b8e756b67fa5639e49435dab0f{\npadding:50px 50px 50px 50px;\nbackground:url(https:\/\/copp.lu\/wp-content\/uploads\/2023\/05\/Fond-Ophtalmo-Luxembourg-Paris.jpg) 100% 100% no-repeat scroll ;\n}\n<\/style>\n<div  class='flex_column av-av_one_full-dad4e3b8e756b67fa5639e49435dab0f av_one_full  avia-builder-el-17  avia-builder-el-no-sibling  first flex_column_div avia-full-stretch  '     ><div  class='avia-button-wrap av-av_button-513bed19b868dec590f3a32cfe26a210-wrap avia-button-left  avia-builder-el-18  avia-builder-el-no-sibling '>\n<style type=\"text\/css\" data-created_by=\"avia_inline_auto\" id=\"style-css-av-av_button-513bed19b868dec590f3a32cfe26a210\">\n#top #wrap_all .avia-button.av-av_button-513bed19b868dec590f3a32cfe26a210{\nbackground-color:#004b70;\nborder-color:#004b70;\ncolor:#ffffff;\ntransition:all 0.4s ease-in-out;\n}\n#top #wrap_all .avia-button.av-av_button-513bed19b868dec590f3a32cfe26a210 .avia-svg-icon svg:first-child{\nfill:#ffffff;\nstroke:#ffffff;\n}\n<\/style>\n<a href='https:\/\/copp.lu\/de\/kontakt\/'  class='avia-button av-av_button-513bed19b868dec590f3a32cfe26a210 av-link-btn avia-icon_select-yes-left-icon avia-size-x-large avia-position-left'   aria-label=\"Vereinbaren Sie online einen Termin, indem Sie hier klicken\"><span class='avia_button_icon avia_button_icon_left avia-iconfont avia-font-fontello' data-av_icon='\ue836' data-av_iconfont='fontello' ><\/span><span class='avia_iconbox_title' >Vereinbaren Sie online einen Termin, indem Sie hier klicken<\/span><\/a><\/div><\/div>\n\n","protected":false},"excerpt":{"rendered":"","protected":false},"author":5,"featured_media":0,"parent":2152,"menu_order":0,"comment_status":"closed","ping_status":"closed","template":"","meta":{"footnotes":""},"class_list":["post-2157","page","type-page","status-publish","hentry"],"yoast_head":"<!-- This site is optimized with the Yoast SEO plugin v27.3 - https:\/\/yoast.com\/product\/yoast-seo-wordpress\/ -->\n<title>Ihre Spezialisten f\u00fcr Grauer Star Operation (Katarakt) in Luxemburg<\/title>\n<meta name=\"description\" content=\"Endlich wieder ohne Einschr\u00e4nkungen sehen k\u00f6nnen \u2713 10-20 min\u00fctigen ambulanter Eingriff \u2713 Renommierte &amp; erfahrene Fach\u00e4rzte \u27a4 Jetzt mehr erfahren.\" \/>\n<meta name=\"robots\" content=\"index, follow, max-snippet:-1, max-image-preview:large, max-video-preview:-1\" \/>\n<link rel=\"canonical\" href=\"https:\/\/copp.lu\/de\/operation-des-grauen-stars\/verfahren\/\" \/>\n<meta property=\"og:locale\" content=\"de_DE\" \/>\n<meta property=\"og:type\" content=\"article\" \/>\n<meta property=\"og:title\" content=\"Ihre Spezialisten f\u00fcr Grauer Star Operation (Katarakt) in Luxemburg\" \/>\n<meta property=\"og:description\" content=\"Endlich wieder ohne Einschr\u00e4nkungen sehen k\u00f6nnen \u2713 10-20 min\u00fctigen ambulanter Eingriff \u2713 Renommierte &amp; erfahrene Fach\u00e4rzte \u27a4 Jetzt mehr erfahren.\" \/>\n<meta property=\"og:url\" content=\"https:\/\/copp.lu\/de\/operation-des-grauen-stars\/verfahren\/\" \/>\n<meta property=\"og:site_name\" content=\"Centre Ophtalmologique Place de Paris Luxembourg\" \/>\n<meta property=\"article:modified_time\" content=\"2023-06-09T14:12:28+00:00\" \/>\n<meta property=\"og:image\" content=\"http:\/\/localhost:8888\/copp\/wp-content\/uploads\/2020\/06\/page-daccueilchirurgie-de-la-cataracte-scaled.jpg\" \/>\n<meta name=\"twitter:card\" content=\"summary_large_image\" \/>\n<meta name=\"twitter:image\" content=\"http:\/\/localhost:8888\/copp\/wp-content\/uploads\/2020\/06\/page-daccueilchirurgie-de-la-cataracte-scaled.jpg\" \/>\n<meta name=\"twitter:label1\" content=\"Gesch\u00e4tzte Lesezeit\" \/>\n\t<meta name=\"twitter:data1\" content=\"7\u00a0Minuten\" \/>\n<script type=\"application\/ld+json\" class=\"yoast-schema-graph\">{\"@context\":\"https:\\\/\\\/schema.org\",\"@graph\":[{\"@type\":\"WebPage\",\"@id\":\"https:\\\/\\\/copp.lu\\\/de\\\/operation-des-grauen-stars\\\/verfahren\\\/\",\"url\":\"https:\\\/\\\/copp.lu\\\/de\\\/operation-des-grauen-stars\\\/verfahren\\\/\",\"name\":\"Ihre Spezialisten f\u00fcr Grauer Star Operation (Katarakt) in Luxemburg\",\"isPartOf\":{\"@id\":\"https:\\\/\\\/copp.lu\\\/de\\\/#website\"},\"datePublished\":\"2022-03-07T17:24:43+00:00\",\"dateModified\":\"2023-06-09T14:12:28+00:00\",\"description\":\"Endlich wieder ohne Einschr\u00e4nkungen sehen k\u00f6nnen \u2713 10-20 min\u00fctigen ambulanter Eingriff \u2713 Renommierte & erfahrene Fach\u00e4rzte \u27a4 Jetzt mehr erfahren.\",\"breadcrumb\":{\"@id\":\"https:\\\/\\\/copp.lu\\\/de\\\/operation-des-grauen-stars\\\/verfahren\\\/#breadcrumb\"},\"inLanguage\":\"de\",\"potentialAction\":[{\"@type\":\"ReadAction\",\"target\":[\"https:\\\/\\\/copp.lu\\\/de\\\/operation-des-grauen-stars\\\/verfahren\\\/\"]}]},{\"@type\":\"BreadcrumbList\",\"@id\":\"https:\\\/\\\/copp.lu\\\/de\\\/operation-des-grauen-stars\\\/verfahren\\\/#breadcrumb\",\"itemListElement\":[{\"@type\":\"ListItem\",\"position\":1,\"name\":\"Home\",\"item\":\"https:\\\/\\\/copp.lu\\\/de\\\/\"},{\"@type\":\"ListItem\",\"position\":2,\"name\":\"Operation des Grauen Stars\",\"item\":\"https:\\\/\\\/copp.lu\\\/de\\\/operation-des-grauen-stars\\\/\"},{\"@type\":\"ListItem\",\"position\":3,\"name\":\"Verfahren\"}]},{\"@type\":\"WebSite\",\"@id\":\"https:\\\/\\\/copp.lu\\\/de\\\/#website\",\"url\":\"https:\\\/\\\/copp.lu\\\/de\\\/\",\"name\":\"Centre Ophtalmologique Place de Paris Luxembourg\",\"description\":\"Ophtalmologie au Luxembourg\",\"publisher\":{\"@id\":\"https:\\\/\\\/copp.lu\\\/de\\\/#organization\"},\"potentialAction\":[{\"@type\":\"SearchAction\",\"target\":{\"@type\":\"EntryPoint\",\"urlTemplate\":\"https:\\\/\\\/copp.lu\\\/de\\\/?s={search_term_string}\"},\"query-input\":{\"@type\":\"PropertyValueSpecification\",\"valueRequired\":true,\"valueName\":\"search_term_string\"}}],\"inLanguage\":\"de\"},{\"@type\":\"Organization\",\"@id\":\"https:\\\/\\\/copp.lu\\\/de\\\/#organization\",\"name\":\"Centre Ophtalmologique Place de Paris au Luxembourg\",\"url\":\"https:\\\/\\\/copp.lu\\\/de\\\/\",\"logo\":{\"@type\":\"ImageObject\",\"inLanguage\":\"de\",\"@id\":\"https:\\\/\\\/copp.lu\\\/de\\\/#\\\/schema\\\/logo\\\/image\\\/\",\"url\":\"https:\\\/\\\/copp.lu\\\/wp-content\\\/uploads\\\/2020\\\/06\\\/logo_luxeyes_Taste_V6-01.png\",\"contentUrl\":\"https:\\\/\\\/copp.lu\\\/wp-content\\\/uploads\\\/2020\\\/06\\\/logo_luxeyes_Taste_V6-01.png\",\"width\":2544,\"height\":744,\"caption\":\"Centre Ophtalmologique Place de Paris au Luxembourg\"},\"image\":{\"@id\":\"https:\\\/\\\/copp.lu\\\/de\\\/#\\\/schema\\\/logo\\\/image\\\/\"}}]}<\/script>\n<!-- \/ Yoast SEO plugin. -->","yoast_head_json":{"title":"Ihre Spezialisten f\u00fcr Grauer Star Operation (Katarakt) in Luxemburg","description":"Endlich wieder ohne Einschr\u00e4nkungen sehen k\u00f6nnen \u2713 10-20 min\u00fctigen ambulanter Eingriff \u2713 Renommierte & erfahrene Fach\u00e4rzte \u27a4 Jetzt mehr erfahren.","robots":{"index":"index","follow":"follow","max-snippet":"max-snippet:-1","max-image-preview":"max-image-preview:large","max-video-preview":"max-video-preview:-1"},"canonical":"https:\/\/copp.lu\/de\/operation-des-grauen-stars\/verfahren\/","og_locale":"de_DE","og_type":"article","og_title":"Ihre Spezialisten f\u00fcr Grauer Star Operation (Katarakt) in Luxemburg","og_description":"Endlich wieder ohne Einschr\u00e4nkungen sehen k\u00f6nnen \u2713 10-20 min\u00fctigen ambulanter Eingriff \u2713 Renommierte & erfahrene Fach\u00e4rzte \u27a4 Jetzt mehr erfahren.","og_url":"https:\/\/copp.lu\/de\/operation-des-grauen-stars\/verfahren\/","og_site_name":"Centre Ophtalmologique Place de Paris Luxembourg","article_modified_time":"2023-06-09T14:12:28+00:00","og_image":[{"url":"http:\/\/localhost:8888\/copp\/wp-content\/uploads\/2020\/06\/page-daccueilchirurgie-de-la-cataracte-scaled.jpg","type":"","width":"","height":""}],"twitter_card":"summary_large_image","twitter_image":"http:\/\/localhost:8888\/copp\/wp-content\/uploads\/2020\/06\/page-daccueilchirurgie-de-la-cataracte-scaled.jpg","twitter_misc":{"Gesch\u00e4tzte Lesezeit":"7\u00a0Minuten"},"schema":{"@context":"https:\/\/schema.org","@graph":[{"@type":"WebPage","@id":"https:\/\/copp.lu\/de\/operation-des-grauen-stars\/verfahren\/","url":"https:\/\/copp.lu\/de\/operation-des-grauen-stars\/verfahren\/","name":"Ihre Spezialisten f\u00fcr Grauer Star Operation (Katarakt) in Luxemburg","isPartOf":{"@id":"https:\/\/copp.lu\/de\/#website"},"datePublished":"2022-03-07T17:24:43+00:00","dateModified":"2023-06-09T14:12:28+00:00","description":"Endlich wieder ohne Einschr\u00e4nkungen sehen k\u00f6nnen \u2713 10-20 min\u00fctigen ambulanter Eingriff \u2713 Renommierte & erfahrene Fach\u00e4rzte \u27a4 Jetzt mehr erfahren.","breadcrumb":{"@id":"https:\/\/copp.lu\/de\/operation-des-grauen-stars\/verfahren\/#breadcrumb"},"inLanguage":"de","potentialAction":[{"@type":"ReadAction","target":["https:\/\/copp.lu\/de\/operation-des-grauen-stars\/verfahren\/"]}]},{"@type":"BreadcrumbList","@id":"https:\/\/copp.lu\/de\/operation-des-grauen-stars\/verfahren\/#breadcrumb","itemListElement":[{"@type":"ListItem","position":1,"name":"Home","item":"https:\/\/copp.lu\/de\/"},{"@type":"ListItem","position":2,"name":"Operation des Grauen Stars","item":"https:\/\/copp.lu\/de\/operation-des-grauen-stars\/"},{"@type":"ListItem","position":3,"name":"Verfahren"}]},{"@type":"WebSite","@id":"https:\/\/copp.lu\/de\/#website","url":"https:\/\/copp.lu\/de\/","name":"Centre Ophtalmologique Place de Paris Luxembourg","description":"Ophtalmologie au Luxembourg","publisher":{"@id":"https:\/\/copp.lu\/de\/#organization"},"potentialAction":[{"@type":"SearchAction","target":{"@type":"EntryPoint","urlTemplate":"https:\/\/copp.lu\/de\/?s={search_term_string}"},"query-input":{"@type":"PropertyValueSpecification","valueRequired":true,"valueName":"search_term_string"}}],"inLanguage":"de"},{"@type":"Organization","@id":"https:\/\/copp.lu\/de\/#organization","name":"Centre Ophtalmologique Place de Paris au Luxembourg","url":"https:\/\/copp.lu\/de\/","logo":{"@type":"ImageObject","inLanguage":"de","@id":"https:\/\/copp.lu\/de\/#\/schema\/logo\/image\/","url":"https:\/\/copp.lu\/wp-content\/uploads\/2020\/06\/logo_luxeyes_Taste_V6-01.png","contentUrl":"https:\/\/copp.lu\/wp-content\/uploads\/2020\/06\/logo_luxeyes_Taste_V6-01.png","width":2544,"height":744,"caption":"Centre Ophtalmologique Place de Paris au Luxembourg"},"image":{"@id":"https:\/\/copp.lu\/de\/#\/schema\/logo\/image\/"}}]}},"_links":{"self":[{"href":"https:\/\/copp.lu\/de\/wp-json\/wp\/v2\/pages\/2157","targetHints":{"allow":["GET"]}}],"collection":[{"href":"https:\/\/copp.lu\/de\/wp-json\/wp\/v2\/pages"}],"about":[{"href":"https:\/\/copp.lu\/de\/wp-json\/wp\/v2\/types\/page"}],"author":[{"embeddable":true,"href":"https:\/\/copp.lu\/de\/wp-json\/wp\/v2\/users\/5"}],"replies":[{"embeddable":true,"href":"https:\/\/copp.lu\/de\/wp-json\/wp\/v2\/comments?post=2157"}],"version-history":[{"count":3,"href":"https:\/\/copp.lu\/de\/wp-json\/wp\/v2\/pages\/2157\/revisions"}],"predecessor-version":[{"id":3630,"href":"https:\/\/copp.lu\/de\/wp-json\/wp\/v2\/pages\/2157\/revisions\/3630"}],"up":[{"embeddable":true,"href":"https:\/\/copp.lu\/de\/wp-json\/wp\/v2\/pages\/2152"}],"wp:attachment":[{"href":"https:\/\/copp.lu\/de\/wp-json\/wp\/v2\/media?parent=2157"}],"curies":[{"name":"wp","href":"https:\/\/api.w.org\/{rel}","templated":true}]}}